{"id":723,"date":"2022-04-25T09:49:24","date_gmt":"2022-04-25T09:49:24","guid":{"rendered":"https:\/\/mittelschule-dlg.webdesign-schwaben.de\/?page_id=723"},"modified":"2025-09-12T09:51:36","modified_gmt":"2025-09-12T09:51:36","slug":"aktuelles-2","status":"publish","type":"page","link":"https:\/\/jsm-dillingen.de\/index.php\/aktuelles-2\/","title":{"rendered":"Aktuelles"},"content":{"rendered":"<p>[et_pb_section fb_built=&#8220;1&#8243; _builder_version=&#8220;4.17.3&#8243; _module_preset=&#8220;default&#8220; global_colors_info=&#8220;{}&#8220;][et_pb_row _builder_version=&#8220;4.17.3&#8243; _module_preset=&#8220;default&#8220; global_colors_info=&#8220;{}&#8220;][et_pb_column type=&#8220;4_4&#8243; _builder_version=&#8220;4.17.3&#8243; _module_preset=&#8220;default&#8220; global_colors_info=&#8220;{}&#8220;][et_pb_text _builder_version=&#8220;4.17.3&#8243; _module_preset=&#8220;default&#8220; global_colors_info=&#8220;{}&#8220;]<\/p>\n<h1><strong>Aktuelles<\/strong><\/h1>\n<p>[\/et_pb_text][\/et_pb_column][\/et_pb_row][\/et_pb_section][et_pb_section fb_built=&#8220;1&#8243; _builder_version=&#8220;4.17.3&#8243; _module_preset=&#8220;default&#8220; background_color=&#8220;#dbdbdb&#8220; min_height=&#8220;267.3px&#8220; custom_margin=&#8220;-74px||-65px|||&#8220; custom_padding=&#8220;68px||14px|||&#8220; global_colors_info=&#8220;{}&#8220;][et_pb_row _builder_version=&#8220;4.17.3&#8243; _module_preset=&#8220;default&#8220; min_height=&#8220;193.3px&#8220; custom_margin=&#8220;-46px|auto||auto||&#8220; global_colors_info=&#8220;{}&#8220;][et_pb_column type=&#8220;4_4&#8243; _builder_version=&#8220;4.17.3&#8243; _module_preset=&#8220;default&#8220; global_colors_info=&#8220;{}&#8220;][et_pb_text _builder_version=&#8220;4.17.3&#8243; _module_preset=&#8220;default&#8220; min_height=&#8220;31px&#8220; global_colors_info=&#8220;{}&#8220;]<\/p>\n<h2>Informationen zum Infektionsschutz<\/h2>\n<p>[\/et_pb_text][et_pb_text _builder_version=&#8220;4.17.3&#8243; _module_preset=&#8220;default&#8220; global_colors_info=&#8220;{}&#8220;]<\/p>\n<p>Folgender Link enth\u00e4lt Informationen zum Umgang mit Infektionen nach dem Infektionsschutzgesetz.<\/p>\n<p><a href=\"https:\/\/jsm-dillingen.de\/wp-content\/uploads\/2025\/09\/Information-bei-Infektionen.pdf\" target=\"_blank\" rel=\"noopener\">Informationsschreiben<\/a><\/p>\n<p>[\/et_pb_text][\/et_pb_column][\/et_pb_row][\/et_pb_section][et_pb_section fb_built=&#8220;1&#8243; _builder_version=&#8220;4.17.3&#8243; _module_preset=&#8220;default&#8220; background_color=&#8220;#ffffff&#8220; min_height=&#8220;199.3px&#8220; custom_margin=&#8220;-74px||-65px|||&#8220; custom_padding=&#8220;66px||14px|||&#8220; global_colors_info=&#8220;{}&#8220;][et_pb_row _builder_version=&#8220;4.17.3&#8243; _module_preset=&#8220;default&#8220; min_height=&#8220;193.3px&#8220; custom_margin=&#8220;-46px|auto||auto||&#8220; global_colors_info=&#8220;{}&#8220;][et_pb_column type=&#8220;4_4&#8243; _builder_version=&#8220;4.17.3&#8243; _module_preset=&#8220;default&#8220; global_colors_info=&#8220;{}&#8220;][et_pb_text _builder_version=&#8220;4.17.3&#8243; _module_preset=&#8220;default&#8220; min_height=&#8220;31px&#8220; global_colors_info=&#8220;{}&#8220;]<\/p>\n<h2>Informationen zum Schuljahresbeginn 2025\/26<\/h2>\n<p>[\/et_pb_text][et_pb_text _builder_version=&#8220;4.17.3&#8243; _module_preset=&#8220;default&#8220; hover_enabled=&#8220;0&#8243; global_colors_info=&#8220;{}&#8220; sticky_enabled=&#8220;0&#8243;]<\/p>\n<p>Folgender Link enth\u00e4lt den Elternbrief f\u00fcr alle (neuen) Sch\u00fcler.<\/p>\n<p><a href=\"https:\/\/jsm-dillingen.de\/wp-content\/uploads\/2025\/07\/Informationen-Schulanfang.pdf\" rel=\"attachment noopener wp-att-1956\" target=\"_blank\">Informationen Schulanfang<\/a><\/p>\n<p>[\/et_pb_text][\/et_pb_column][\/et_pb_row][\/et_pb_section][et_pb_section fb_built=&#8220;1&#8243; _builder_version=&#8220;4.17.3&#8243; _module_preset=&#8220;default&#8220; background_color=&#8220;#dddddd&#8220; min_height=&#8220;36.1px&#8220; custom_margin=&#8220;53px||-65px|||&#8220; custom_padding=&#8220;55px||14px|||&#8220; global_colors_info=&#8220;{}&#8220;][et_pb_row _builder_version=&#8220;4.17.3&#8243; _module_preset=&#8220;default&#8220; min_height=&#8220;193.3px&#8220; custom_margin=&#8220;-46px|auto||auto||&#8220; global_colors_info=&#8220;{}&#8220;][et_pb_column type=&#8220;4_4&#8243; _builder_version=&#8220;4.17.3&#8243; _module_preset=&#8220;default&#8220; global_colors_info=&#8220;{}&#8220;][et_pb_text _builder_version=&#8220;4.17.3&#8243; _module_preset=&#8220;default&#8220; min_height=&#8220;31px&#8220; global_colors_info=&#8220;{}&#8220;]<\/p>\n<h2>Flyer Schulsport<\/h2>\n<p>[\/et_pb_text][et_pb_text _builder_version=&#8220;4.17.3&#8243; _module_preset=&#8220;default&#8220; global_colors_info=&#8220;{}&#8220;]<\/p>\n<p>Der <a href=\"https:\/\/jsm-dillingen.de\/wp-content\/uploads\/2024\/04\/Flyer_Sport_2024-02-09.pdf\">Link<\/a> verweist auf einen Flyer mit Tipps f\u00fcr Eltern und Sch\u00fcler zum Sportunterricht an Schulen.<\/p>\n<p>[\/et_pb_text][\/et_pb_column][\/et_pb_row][\/et_pb_section]<\/p>\n","protected":false},"excerpt":{"rendered":"<p>AktuellesInformationen zum InfektionsschutzFolgender Link enth\u00e4lt Informationen zum Umgang mit Infektionen nach dem Infektionsschutzgesetz. InformationsschreibenInformationen zum Schuljahresbeginn 2025\/26Folgender Link enth\u00e4lt den Elternbrief f\u00fcr alle (neuen) Sch\u00fcler. Informationen SchulanfangFlyer SchulsportDer Link verweist auf einen Flyer mit Tipps f\u00fcr Eltern und Sch\u00fcler zum Sportunterricht an Schulen.<\/p>\n","protected":false},"author":1,"featured_media":0,"parent":0,"menu_order":0,"comment_status":"closed","ping_status":"closed","template":"","meta":{"_et_pb_use_builder":"on","_et_pb_old_content":"","_et_gb_content_width":""},"_links":{"self":[{"href":"https:\/\/jsm-dillingen.de\/index.php\/wp-json\/wp\/v2\/pages\/723"}],"collection":[{"href":"https:\/\/jsm-dillingen.de\/index.php\/wp-json\/wp\/v2\/pages"}],"about":[{"href":"https:\/\/jsm-dillingen.de\/index.php\/wp-json\/wp\/v2\/types\/page"}],"author":[{"embeddable":true,"href":"https:\/\/jsm-dillingen.de\/index.php\/wp-json\/wp\/v2\/users\/1"}],"replies":[{"embeddable":true,"href":"https:\/\/jsm-dillingen.de\/index.php\/wp-json\/wp\/v2\/comments?post=723"}],"version-history":[{"count":33,"href":"https:\/\/jsm-dillingen.de\/index.php\/wp-json\/wp\/v2\/pages\/723\/revisions"}],"predecessor-version":[{"id":1983,"href":"https:\/\/jsm-dillingen.de\/index.php\/wp-json\/wp\/v2\/pages\/723\/revisions\/1983"}],"wp:attachment":[{"href":"https:\/\/jsm-dillingen.de\/index.php\/wp-json\/wp\/v2\/media?parent=723"}],"curies":[{"name":"wp","href":"https:\/\/api.w.org\/{rel}","templated":true}]}}