{"id":702,"date":"2022-04-25T09:39:30","date_gmt":"2022-04-25T09:39:30","guid":{"rendered":"https:\/\/mittelschule-dlg.webdesign-schwaben.de\/?page_id=702"},"modified":"2024-07-12T18:53:49","modified_gmt":"2024-07-12T18:53:49","slug":"uebertritt","status":"publish","type":"page","link":"https:\/\/jsm-dillingen.de\/index.php\/uebertritt\/","title":{"rendered":"\u00dcbertritt"},"content":{"rendered":"<p>[et_pb_section fb_built=&#8220;1&#8243; _builder_version=&#8220;4.16&#8243; _module_preset=&#8220;default&#8220; custom_padding=&#8220;||44px|||&#8220; global_colors_info=&#8220;{}&#8220;][et_pb_row _builder_version=&#8220;4.17.3&#8243; _module_preset=&#8220;default&#8220; global_colors_info=&#8220;{}&#8220;][et_pb_column type=&#8220;4_4&#8243; _builder_version=&#8220;4.16&#8243; _module_preset=&#8220;default&#8220; global_colors_info=&#8220;{}&#8220;][et_pb_text _builder_version=&#8220;4.17.3&#8243; _module_preset=&#8220;default&#8220; global_colors_info=&#8220;{}&#8220;]<\/p>\n<h1><strong>\u00dcbertritt<\/strong><\/h1>\n<p>[\/et_pb_text][\/et_pb_column][\/et_pb_row][et_pb_row _builder_version=&#8220;4.17.3&#8243; _module_preset=&#8220;default&#8220; global_colors_info=&#8220;{}&#8220;][et_pb_column type=&#8220;4_4&#8243; _builder_version=&#8220;4.16&#8243; _module_preset=&#8220;default&#8220; global_colors_info=&#8220;{}&#8220;][et_pb_text _builder_version=&#8220;4.17.3&#8243; _module_preset=&#8220;default&#8220; global_colors_info=&#8220;{}&#8220;]<\/p>\n<p><strong>Zugangsvoraussetzungen f\u00fcr die Klasse 7M<\/strong><\/p>\n<p><strong><\/strong><\/p>\n<table style=\"border-collapse: collapse; width: 100%; height: 360px;\" border=\"1\">\n<tbody>\n<tr style=\"height: 48px;\">\n<td style=\"width: 25%; height: 48px;\"><span style=\"color: #339966;\">Erforderliches Zeugnis<\/span><\/td>\n<td style=\"width: 25%; height: 48px;\"><span style=\"color: #339966;\">Entscheidende F\u00e4cher<\/span><\/td>\n<td style=\"width: 25%; height: 48px;\"><span style=\"color: #339966;\">Notendurchschnitt<\/span><\/td>\n<td style=\"width: 25%; height: 48px;\"><span style=\"color: #339966;\">\u00dcbertritt<\/span><\/td>\n<\/tr>\n<tr style=\"height: 240px;\">\n<td style=\"width: 25%; height: 240px;\">Zwischen- oder Jahreszeugnis der 6. Jgst. Regelklasse<\/td>\n<td style=\"width: 25%; height: 240px;\">\n<p>Deutsch<\/p>\n<p>Mathematik<\/p>\n<p>Englisch<\/p>\n<\/td>\n<td style=\"width: 25%; height: 240px;\">\n<p>2,66 und besser<\/p>\n<p>&nbsp;<\/p>\n<p>&nbsp;<\/p>\n<p>3,00 und schlechter<\/p>\n<\/td>\n<td style=\"width: 25%; height: 240px;\">\n<p>auf Antrag der Erziehungsberechtigten uneingeschr\u00e4nkt m\u00f6glich<\/p>\n<p>&nbsp;<\/p>\n<p>auf Antrag der Erziehungsberechtigten und Bestehen einer Aufnahmepr\u00fcfung<\/p>\n<\/td>\n<\/tr>\n<\/tbody>\n<\/table>\n<p>[\/et_pb_text][\/et_pb_column][\/et_pb_row][et_pb_row _builder_version=&#8220;4.17.3&#8243; _module_preset=&#8220;default&#8220; background_color=&#8220;#f4f4f4&#8243; custom_padding=&#8220;0px|||||&#8220; global_colors_info=&#8220;{}&#8220;][et_pb_column type=&#8220;4_4&#8243; _builder_version=&#8220;4.16&#8243; _module_preset=&#8220;default&#8220; global_colors_info=&#8220;{}&#8220;][et_pb_text _builder_version=&#8220;4.17.3&#8243; _module_preset=&#8220;default&#8220; min_height=&#8220;414px&#8220; global_colors_info=&#8220;{}&#8220;]<\/p>\n<p><strong>Zugangsvoraussetzungen f\u00fcr die Klasse 8M<\/strong><\/p>\n<p><strong><\/strong><\/p>\n<table style=\"border-collapse: collapse; width: 100%; height: 360px;\" border=\"1\">\n<tbody>\n<tr style=\"height: 48px;\">\n<td style=\"width: 25%; height: 48px;\"><span style=\"color: #339966;\">Erforderliches Zeugnis<\/span><\/td>\n<td style=\"width: 25%; height: 48px;\"><span style=\"color: #339966;\">Entscheidende F\u00e4cher<\/span><\/td>\n<td style=\"width: 25%; height: 48px;\"><span style=\"color: #339966;\">Notendurchschnitt<\/span><\/td>\n<td style=\"width: 25%; height: 48px;\"><span style=\"color: #339966;\">\u00dcbertritt<\/span><\/td>\n<\/tr>\n<tr style=\"height: 240px;\">\n<td style=\"width: 25%; height: 240px;\">Zwischen- oder Jahreszeugnis der 7. Jgst. Regelklasse<\/td>\n<td style=\"width: 25%; height: 240px;\">\n<p>Deutsch<\/p>\n<p>Mathematik<\/p>\n<p>Englisch<\/p>\n<\/td>\n<td style=\"width: 25%; height: 240px;\">\n<p>2,33 und besser<\/p>\n<p>&nbsp;<\/p>\n<p>&nbsp;<\/p>\n<p>2,66 und schlechter<\/p>\n<\/td>\n<td style=\"width: 25%; height: 240px;\">\n<p>auf Antrag der Erziehungsberechtigten uneingeschr\u00e4nkt m\u00f6glich<\/p>\n<p>&nbsp;<\/p>\n<p>auf Antrag der Erziehungsberechtigten und Bestehen einer Aufnahmepr\u00fcfung<\/p>\n<\/td>\n<\/tr>\n<\/tbody>\n<\/table>\n<p>[\/et_pb_text][\/et_pb_column][\/et_pb_row][et_pb_row _builder_version=&#8220;4.17.3&#8243; _module_preset=&#8220;default&#8220; global_colors_info=&#8220;{}&#8220;][et_pb_column type=&#8220;4_4&#8243; _builder_version=&#8220;4.16&#8243; _module_preset=&#8220;default&#8220; global_colors_info=&#8220;{}&#8220;][et_pb_text _builder_version=&#8220;4.17.3&#8243; _module_preset=&#8220;default&#8220; global_colors_info=&#8220;{}&#8220;]<\/p>\n<p><strong>Zugangsvoraussetzungen f\u00fcr die Klasse 9M<\/strong><\/p>\n<p><strong><\/strong><\/p>\n<table style=\"border-collapse: collapse; width: 100%; height: 360px;\" border=\"1\">\n<tbody>\n<tr style=\"height: 48px;\">\n<td style=\"width: 25%; height: 48px;\"><span style=\"color: #339966;\">Erforderliches Zeugnis<\/span><\/td>\n<td style=\"width: 25%; height: 48px;\"><span style=\"color: #339966;\">Entscheidende F\u00e4cher<\/span><\/td>\n<td style=\"width: 25%; height: 48px;\"><span style=\"color: #339966;\">Notendurchschnitt<\/span><\/td>\n<td style=\"width: 25%; height: 48px;\"><span style=\"color: #339966;\">\u00dcbertritt<\/span><\/td>\n<\/tr>\n<tr style=\"height: 240px;\">\n<td style=\"width: 25%; height: 240px;\">\n<p>&nbsp;<\/p>\n<p><span style=\"font-size: 16px;\">Zwischen- oder Jahreszeugnis der 8. Jgst. Regelklasse<\/span><\/p>\n<p>&nbsp;<\/p>\n<\/td>\n<td style=\"width: 25%; height: 240px;\">\n<p>Deutsch<\/p>\n<p>Mathematik<\/p>\n<p>Englisch<\/p>\n<\/td>\n<td style=\"width: 25%; height: 240px;\">\n<p>&nbsp;<\/p>\n<p><span style=\"font-size: 16px;\">2,33 und besser<\/span><\/p>\n<p>&nbsp;<\/p>\n<p>&nbsp;<\/p>\n<p>&nbsp;<\/p>\n<p>2,66 und schlechter<\/p>\n<p>&nbsp;<\/p>\n<\/td>\n<td style=\"width: 25%; height: 240px;\">\n<p>auf Antrag der Erziehungsberechtigten uneingeschr\u00e4nkt m\u00f6glich<\/p>\n<p>&nbsp;<\/p>\n<p>auf Antrag der Erziehungsberechtigten und Bestehen einer Aufnahmepr\u00fcfung<\/p>\n<\/td>\n<\/tr>\n<\/tbody>\n<\/table>\n<p>[\/et_pb_text][\/et_pb_column][\/et_pb_row][et_pb_row _builder_version=&#8220;4.17.3&#8243; _module_preset=&#8220;default&#8220; background_color=&#8220;#f4f4f4&#8243; global_colors_info=&#8220;{}&#8220;][et_pb_column type=&#8220;4_4&#8243; _builder_version=&#8220;4.16&#8243; _module_preset=&#8220;default&#8220; global_colors_info=&#8220;{}&#8220;][et_pb_text _builder_version=&#8220;4.17.3&#8243; _module_preset=&#8220;default&#8220; global_colors_info=&#8220;{}&#8220;]<\/p>\n<p><strong>Zugangsvoraussetzungen f\u00fcr die Klasse 10M<\/strong><\/p>\n<p><strong><\/strong><\/p>\n<table style=\"border-collapse: collapse; width: 100%; height: 360px;\" border=\"1\">\n<tbody>\n<tr style=\"height: 48px;\">\n<td style=\"width: 25%; height: 48px;\"><span style=\"color: #339966;\">Erforderliches Zeugnis<\/span><\/td>\n<td style=\"width: 25%; height: 48px;\"><span style=\"color: #339966;\">Entscheidende F\u00e4cher<\/span><\/td>\n<td style=\"width: 25%; height: 48px;\"><span style=\"color: #339966;\">Notendurchschnitt<\/span><\/td>\n<td style=\"width: 25%; height: 48px;\"><span style=\"color: #339966;\">\u00dcbertritt<\/span><\/td>\n<\/tr>\n<tr style=\"height: 240px;\">\n<td style=\"width: 25%; height: 240px;\">Qualifzizierender Abschluss der Mittelschule<\/td>\n<td style=\"width: 25%; height: 240px;\">\n<p>Deutsch<\/p>\n<p>Mathematik<\/p>\n<p>Englisch<\/p>\n<\/td>\n<td style=\"width: 25%; height: 240px;\">\n<p>2,33 und besser<\/p>\n<p>&nbsp;<\/p>\n<p>&nbsp;<\/p>\n<p>2,66 und schlechter<\/p>\n<\/td>\n<td style=\"width: 25%; height: 240px;\">\n<p>auf Antrag der Erziehungsberechtigten uneingeschr\u00e4nkt m\u00f6glich<\/p>\n<p>&nbsp;<\/p>\n<p>auf Antrag der Erziehungsberechtigten und Bestehen einer Aufnahmepr\u00fcfung<\/p>\n<\/td>\n<\/tr>\n<\/tbody>\n<\/table>\n<p>[\/et_pb_text][\/et_pb_column][\/et_pb_row][et_pb_row _builder_version=&#8220;4.17.3&#8243; _module_preset=&#8220;default&#8220; global_colors_info=&#8220;{}&#8220;][et_pb_column type=&#8220;4_4&#8243; _builder_version=&#8220;4.17.3&#8243; _module_preset=&#8220;default&#8220; global_colors_info=&#8220;{}&#8220;][et_pb_accordion _builder_version=&#8220;4.17.3&#8243; _module_preset=&#8220;default&#8220; global_colors_info=&#8220;{}&#8220;][et_pb_accordion_item title=&#8220;Bedingungen zum Bestehen der Jahrgangsstufen&#8220; open=&#8220;on&#8220; title_tablet=&#8220;Bedingungen zum Bestehen der Jahrgangsstufen&#8220; title_phone=&#8220;Bedingungen zum Bestehen der Jahrgangsstufen&#8220; title_last_edited=&#8220;on|desktop&#8220; _builder_version=&#8220;4.17.3&#8243; _module_preset=&#8220;default&#8220; link_option_url=&#8220;http:\/\/www.km.bayern.de\/schueler\/schularten\/uebertritt-schulartwechsel.html&#8220; link_option_url_new_window=&#8220;on&#8220; global_colors_info=&#8220;{}&#8220;]<\/p>\n<p>Das Schuljahr ist im M-Zug nicht bestanden bei: 1 x Note 6 oder 2 x Note 5<\/p>\n<p>Die M-Klasse kann am Schuljahresende mit Antrag der Erziehungsberechtigten wiederholt werden. Ein Wechsel in die Regelklasse der gleichen Jahrgangsstufe ist zu jeder Zeit m\u00f6glich.<\/p>\n<p><span style=\"text-decoration: underline; color: #ff0000;\">Weitere Informationen zur \u00dcbertrittsregelung<\/span><\/p>\n<p>[\/et_pb_accordion_item][\/et_pb_accordion][\/et_pb_column][\/et_pb_row][\/et_pb_section][et_pb_section fb_built=&#8220;1&#8243; _builder_version=&#8220;4.17.3&#8243; _module_preset=&#8220;default&#8220; global_colors_info=&#8220;{}&#8220;][et_pb_row _builder_version=&#8220;4.17.3&#8243; _module_preset=&#8220;default&#8220; global_colors_info=&#8220;{}&#8220;][et_pb_column type=&#8220;4_4&#8243; _builder_version=&#8220;4.17.3&#8243; _module_preset=&#8220;default&#8220; global_colors_info=&#8220;{}&#8220;][et_pb_image src=&#8220;https:\/\/jsm-dillingen.de\/wp-content\/uploads\/2022\/07\/Uebertritt.gif&#8220; title_text=&#8220;\u00dcbertritt&#8220; _builder_version=&#8220;4.17.3&#8243; _module_preset=&#8220;default&#8220; global_colors_info=&#8220;{}&#8220;][\/et_pb_image][\/et_pb_column][\/et_pb_row][\/et_pb_section]<\/p>\n","protected":false},"excerpt":{"rendered":"<p>\u00dcbertrittZugangsvoraussetzungen f\u00fcr die Klasse 7M Erforderliches Zeugnis Entscheidende F\u00e4cher Notendurchschnitt \u00dcbertritt Zwischen- oder Jahreszeugnis der 6. Jgst. Regelklasse Deutsch Mathematik Englisch 2,66 und besser &nbsp; &nbsp; 3,00 und schlechter auf Antrag der Erziehungsberechtigten uneingeschr\u00e4nkt m\u00f6glich &nbsp; auf Antrag der Erziehungsberechtigten und Bestehen einer Aufnahmepr\u00fcfung Zugangsvoraussetzungen f\u00fcr die Klasse 8M Erforderliches Zeugnis Entscheidende F\u00e4cher Notendurchschnitt \u00dcbertritt [&hellip;]<\/p>\n","protected":false},"author":1,"featured_media":0,"parent":0,"menu_order":0,"comment_status":"closed","ping_status":"closed","template":"","meta":{"_et_pb_use_builder":"on","_et_pb_old_content":"","_et_gb_content_width":""},"_links":{"self":[{"href":"https:\/\/jsm-dillingen.de\/index.php\/wp-json\/wp\/v2\/pages\/702"}],"collection":[{"href":"https:\/\/jsm-dillingen.de\/index.php\/wp-json\/wp\/v2\/pages"}],"about":[{"href":"https:\/\/jsm-dillingen.de\/index.php\/wp-json\/wp\/v2\/types\/page"}],"author":[{"embeddable":true,"href":"https:\/\/jsm-dillingen.de\/index.php\/wp-json\/wp\/v2\/users\/1"}],"replies":[{"embeddable":true,"href":"https:\/\/jsm-dillingen.de\/index.php\/wp-json\/wp\/v2\/comments?post=702"}],"version-history":[{"count":7,"href":"https:\/\/jsm-dillingen.de\/index.php\/wp-json\/wp\/v2\/pages\/702\/revisions"}],"predecessor-version":[{"id":1809,"href":"https:\/\/jsm-dillingen.de\/index.php\/wp-json\/wp\/v2\/pages\/702\/revisions\/1809"}],"wp:attachment":[{"href":"https:\/\/jsm-dillingen.de\/index.php\/wp-json\/wp\/v2\/media?parent=702"}],"curies":[{"name":"wp","href":"https:\/\/api.w.org\/{rel}","templated":true}]}}