{"id":645,"date":"2022-04-25T09:17:07","date_gmt":"2022-04-25T09:17:07","guid":{"rendered":"https:\/\/mittelschule-dlg.webdesign-schwaben.de\/?page_id=645"},"modified":"2024-09-25T19:04:15","modified_gmt":"2024-09-25T19:04:15","slug":"beratungslehrkraft","status":"publish","type":"page","link":"https:\/\/jsm-dillingen.de\/index.php\/beratungslehrkraft\/","title":{"rendered":"Beratungslehrkraft"},"content":{"rendered":"<p>[et_pb_section fb_built=&#8220;1&#8243; _builder_version=&#8220;4.16&#8243; _module_preset=&#8220;default&#8220; custom_padding=&#8220;||44px|||&#8220; global_colors_info=&#8220;{}&#8220;][et_pb_row column_structure=&#8220;2_5,3_5&#8243; _builder_version=&#8220;4.16&#8243; _module_preset=&#8220;default&#8220; global_colors_info=&#8220;{}&#8220;][et_pb_column type=&#8220;2_5&#8243; _builder_version=&#8220;4.16&#8243; _module_preset=&#8220;default&#8220; global_colors_info=&#8220;{}&#8220;][et_pb_image src=&#8220;https:\/\/jsm-dillingen.de\/wp-content\/uploads\/2020\/10\/cropped-man-791049_1920-1.jpg&#8220; title_text=&#8220;cropped-man-791049_1920-1.jpg&#8220; align=&#8220;center&#8220; _builder_version=&#8220;4.16&#8243; _module_preset=&#8220;default&#8220; custom_margin=&#8220;45px|||||&#8220; global_colors_info=&#8220;{}&#8220;][\/et_pb_image][\/et_pb_column][et_pb_column type=&#8220;3_5&#8243; _builder_version=&#8220;4.16&#8243; _module_preset=&#8220;default&#8220; global_colors_info=&#8220;{}&#8220;][et_pb_text _builder_version=&#8220;4.16&#8243; _module_preset=&#8220;default&#8220; global_colors_info=&#8220;{}&#8220;]<\/p>\n<div class=\"page\" title=\"Page 1\">\n<div class=\"layoutArea\">\n<div class=\"column\">\n<h2><strong>Beratungslehrkraft<\/strong><\/h2>\n<\/div>\n<\/div>\n<\/div>\n<p>[\/et_pb_text][et_pb_text _builder_version=&#8220;4.17.3&#8243; _module_preset=&#8220;default&#8220; global_colors_info=&#8220;{}&#8220;]<\/p>\n<p>Qualifizierte Beratungslehrerin: Barbara Schrafl (Schulpsychologin)<br \/>Sprechzeit:\u00a0nach Vereinbarung<br \/>Termine nach Vereinbarung\u00a0<\/p>\n<p>Einzelberatung von Eltern und Sch\u00fclern in allen Fragen der Schullaufbahnberatung<br \/>(\u00dcbertritte, Wahl von F\u00e4chern, Kursen, anzustrebende Abschl\u00fcsse und<br \/>verschiedene schulische und berufliche Bildungswege)<br \/>Beratung bei verschiedensten Lern- und Leistungsschwierigkeiten, Testungen<\/p>\n<p>&nbsp;<\/p>\n<p><span style=\"text-decoration: underline;\">Staatliche Schulberatung:<\/span><\/p>\n<p>N\u00e4here Informationen unter<\/p>\n<p><a href=\"http:\/\/www.schulberatung.bayern.de\/\">http:\/\/www.schulberatung.bayern.de\/<\/a><\/p>\n<p>[\/et_pb_text][\/et_pb_column][\/et_pb_row][\/et_pb_section]<\/p>\n","protected":false},"excerpt":{"rendered":"<p>Beratungslehrkraft Qualifizierte Beratungslehrerin: Barbara Schrafl (Schulpsychologin)Sprechzeit:\u00a0nach VereinbarungTermine nach Vereinbarung\u00a0 Einzelberatung von Eltern und Sch\u00fclern in allen Fragen der Schullaufbahnberatung(\u00dcbertritte, Wahl von F\u00e4chern, Kursen, anzustrebende Abschl\u00fcsse undverschiedene schulische und berufliche Bildungswege)Beratung bei verschiedensten Lern- und Leistungsschwierigkeiten, Testungen &nbsp; Staatliche Schulberatung: N\u00e4here Informationen unter http:\/\/www.schulberatung.bayern.de\/<\/p>\n","protected":false},"author":1,"featured_media":0,"parent":0,"menu_order":0,"comment_status":"closed","ping_status":"closed","template":"","meta":{"_et_pb_use_builder":"on","_et_pb_old_content":"","_et_gb_content_width":""},"_links":{"self":[{"href":"https:\/\/jsm-dillingen.de\/index.php\/wp-json\/wp\/v2\/pages\/645"}],"collection":[{"href":"https:\/\/jsm-dillingen.de\/index.php\/wp-json\/wp\/v2\/pages"}],"about":[{"href":"https:\/\/jsm-dillingen.de\/index.php\/wp-json\/wp\/v2\/types\/page"}],"author":[{"embeddable":true,"href":"https:\/\/jsm-dillingen.de\/index.php\/wp-json\/wp\/v2\/users\/1"}],"replies":[{"embeddable":true,"href":"https:\/\/jsm-dillingen.de\/index.php\/wp-json\/wp\/v2\/comments?post=645"}],"version-history":[{"count":9,"href":"https:\/\/jsm-dillingen.de\/index.php\/wp-json\/wp\/v2\/pages\/645\/revisions"}],"predecessor-version":[{"id":1824,"href":"https:\/\/jsm-dillingen.de\/index.php\/wp-json\/wp\/v2\/pages\/645\/revisions\/1824"}],"wp:attachment":[{"href":"https:\/\/jsm-dillingen.de\/index.php\/wp-json\/wp\/v2\/media?parent=645"}],"curies":[{"name":"wp","href":"https:\/\/api.w.org\/{rel}","templated":true}]}}