{"id":640,"date":"2022-04-25T09:12:19","date_gmt":"2022-04-25T09:12:19","guid":{"rendered":"https:\/\/mittelschule-dlg.webdesign-schwaben.de\/?page_id=640"},"modified":"2022-09-05T11:33:31","modified_gmt":"2022-09-05T11:33:31","slug":"jugendsozialarbeiterin","status":"publish","type":"page","link":"https:\/\/jsm-dillingen.de\/index.php\/jugendsozialarbeiterin\/","title":{"rendered":"Jugendsozialarbeiterin"},"content":{"rendered":"<p>[et_pb_section fb_built=&#8220;1&#8243; _builder_version=&#8220;4.16&#8243; _module_preset=&#8220;default&#8220; custom_padding=&#8220;||44px|||&#8220; global_colors_info=&#8220;{}&#8220;][et_pb_row column_structure=&#8220;2_5,3_5&#8243; _builder_version=&#8220;4.16&#8243; _module_preset=&#8220;default&#8220; global_colors_info=&#8220;{}&#8220;][et_pb_column type=&#8220;2_5&#8243; _builder_version=&#8220;4.16&#8243; _module_preset=&#8220;default&#8220; global_colors_info=&#8220;{}&#8220;][et_pb_image src=&#8220;https:\/\/jsm-dillingen.de\/wp-content\/uploads\/2022\/03\/Foto_Christin_Bronner.jpeg&#8220; title_text=&#8220;Foto_Christin_Bronner&#8220; align=&#8220;center&#8220; _builder_version=&#8220;4.17.3&#8243; _module_preset=&#8220;default&#8220; max_width=&#8220;82%&#8220; min_height=&#8220;332px&#8220; custom_margin=&#8220;34px|||||&#8220; global_colors_info=&#8220;{}&#8220;][\/et_pb_image][\/et_pb_column][et_pb_column type=&#8220;3_5&#8243; _builder_version=&#8220;4.16&#8243; _module_preset=&#8220;default&#8220; global_colors_info=&#8220;{}&#8220;][et_pb_text _builder_version=&#8220;4.16&#8243; _module_preset=&#8220;default&#8220; global_colors_info=&#8220;{}&#8220;]<\/p>\n<div class=\"page\" title=\"Page 1\">\n<div class=\"layoutArea\">\n<div class=\"column\">\n<h2><strong>Jugendsozialarbeit an der Schule<\/strong><\/h2>\n<\/div>\n<\/div>\n<\/div>\n<p>[\/et_pb_text][et_pb_text _builder_version=&#8220;4.16&#8243; _module_preset=&#8220;default&#8220; global_colors_info=&#8220;{}&#8220;]<\/p>\n<p><em>&gt;&gt; Brennt dir was auf der Seele?<\/em><\/p>\n<p><em>&gt;&gt; Steht die Welt mal wieder Kopf?<\/em><\/p>\n<p><em>&gt;&gt; Ideen f\u00fcr Projekte?<\/em><\/p>\n<p><em>&gt;&gt; Sorgen?<\/em><\/p>\n<p><em>&gt;&gt; Kennen Sie keinen Ansprechpartner f\u00fcr Ihre Fragen?<\/em><\/p>\n<p><em>&gt;&gt; W\u00e4re jetzt ein offenes Ohr Gold wert?<\/em><\/p>\n<p><em>&gt;&gt; \u00c4rger?<\/em><\/p>\n<p><em>&gt;&gt; Keiner da zum Reden?<\/em><\/p>\n<p><em>&gt;&gt; Lust auf eine gemeinsame Aktion?<\/em><\/p>\n<p>&#8230; da hilft Frau Bronner gern weiter &#8211; oder wei\u00df, wer helfen kann.<\/p>\n<p>[\/et_pb_text][\/et_pb_column][\/et_pb_row][et_pb_row _builder_version=&#8220;4.16&#8243; _module_preset=&#8220;default&#8220; global_colors_info=&#8220;{}&#8220;][et_pb_column type=&#8220;4_4&#8243; _builder_version=&#8220;4.16&#8243; _module_preset=&#8220;default&#8220; global_colors_info=&#8220;{}&#8220;][et_pb_text _builder_version=&#8220;4.16&#8243; _module_preset=&#8220;default&#8220; global_colors_info=&#8220;{}&#8220;]<\/p>\n<p>An unserer Schule gibt es f\u00fcr Sie\/Euch das unabh\u00e4ngige und vertrauliche Jugendhilfsangebot: Jugendsozialarbeit an Schulen.<\/p>\n<p>N\u00e4here Informationen dazu finden Sie\/findet Ihr \u00fcber folgenden Link:<\/p>\n<p><a href=\"http:\/\/www.st-gregor.de\/angebote\/jugendhilfe-in-kooperation-mit-schule\" target=\"_blank\" rel=\"noopener\">www.st-gregor.de\/angebote\/jugendhilfe-in-kooperation-mit-schule<\/a><\/p>\n<p>Um dieses Angebot bekannt und leicht zug\u00e4nglich zu machen, sprechen wir Sch\u00fclerinnen, Sch\u00fcler und Eltern \u00fcber verschiedene Wege an, z.B. durch Vorstellungen in Klassen, Teilnahme an Elternabenden oder auch durch pers\u00f6nliche Kontaktaufnahme im Gespr\u00e4ch oder \u00fcber Telefon. Wenn Sie dies ausdr\u00fccklich nicht m\u00f6chten, wenden Sie sich bitte an Ihre JaS-Fachkraft oder an die Schulleitung.<\/p>\n<p>[\/et_pb_text][et_pb_text _builder_version=&#8220;4.16&#8243; _module_preset=&#8220;default&#8220; global_colors_info=&#8220;{}&#8220;]<\/p>\n<h1>Christin Bronner, Dipl.-Sozialp\u00e4dagogin (FH)<\/h1>\n<p>Fachkraft f\u00fcr Jugendsozialarbeit an der Josef-Anton-Schneller-Mittelschule Dillinger\u00a0Telefon (09071) 5862 19<\/p>\n<p><span id=\"cloaka52c6d678ed4364341079ffe69c4266e\"><a href=\"mailto:bronner.christin@st-gregor.de\">bronner.christin@st-gregor.de<\/a><\/span><\/p>\n<p>Pers\u00f6nlich erreichbar im Beratungsb\u00fcro Zimmer I. 16 (1. Stock).<\/p>\n<p>Sie k\u00f6nnen mich zu jeder Zeit per e-mail erreichen. Au\u00dferdem k\u00f6nnen Sie mich t\u00e4glich von 8.30 &#8211; 12.00 Uhr pers\u00f6nlich oder telefonisch erreichen. Zus\u00e4tzlich bin ich montags und mittwochs von 13.30 &#8211; 15.00 Uhr erreichbar.<\/p>\n<p>Termine au\u00dferhalb dieser Zeiten nach Vereinbarung.<\/p>\n<p><span><strong>Gemeinsam geht\u2018s\u00a0<\/strong><\/span>besser ist das Motto, unter dem Jugendhilfe und die Mittelschule Dillinge zusammenarbeiten. Beide wollen dazu beitragen, dass unsere Schule ein Ort ist, an dem sich junge Menschen wohl f\u00fchlen und ihre Pers\u00f6nlichkeit entwickeln und entfalten k\u00f6nnen \u2013<span>\u00a0<\/span><strong>insbesondere auch sozial benachteiligte junge Menschen<\/strong>. Ein Ort, an dem sie ihr Selbstwertgef\u00fchl st\u00e4rken, Toleranz \u00fcben und Verantwortung \u00fcbernehmen k\u00f6nnen.<\/p>\n<p>Frau Bronner unterst\u00fctzt, begleitet und f\u00f6rdert die Entwicklung von Sch\u00fclerinnen und Sch\u00fclern,<span>\u00a0<\/span><strong>speziell wenn es darum geht, schwierigere Startbedingungen Einzelner auszugleichen<\/strong><span>\u00a0<\/span>sowie um das Zusammenleben der Kinder und Jugendlichen, Lehrkr\u00e4fte und Eltern, indem sie<\/p>\n<p>&gt;&gt; Ihre Anliegen in den Mittelpunkt stellt<\/p>\n<p>&gt;&gt; Hilfe in schwierigen Situationen anbietet<\/p>\n<p>&gt;&gt; gemeinsam mit Dir\/Ihnen L\u00f6sungen zur Bew\u00e4ltigung von Konflikten entwickelt<\/p>\n<p>&gt;&gt; und mit anderen Institutionen zusammenarbeitet.<\/p>\n<p>Frau Bronner bietet:<\/p>\n<p><strong>Beratung f\u00fcr dich als Sch\u00fclerIn:<\/strong><\/p>\n<p>&#8230; wenn du schwierige Situationen in der Schule erlebst<\/p>\n<p>&#8230; wenn du zu Hause Kummer oder \u00c4rger hast<\/p>\n<p>&#8230; wenn du Tipps und Informationen brauchst<\/p>\n<p>&#8230; wenn du dir Sorgen um Freunde machst<\/p>\n<p>&#8230; wenn du Orientierungshilfe und Unterst\u00fctzung f\u00fcr die Planung deiner weiteren Schullaufbahn und zum Einstieg in den Beruf ben\u00f6tigst<\/p>\n<p><strong>Beratung f\u00fcr Sie als Eltern:<\/strong><\/p>\n<p>&#8230; wenn Sie sich wegen des Verhaltens Ihres Kindes Sorgen machen<\/p>\n<p>&#8230; wenn Sie Hilfestellung im Umgang mit Ihrem Sohn\/Ihrer Tochter suchen<\/p>\n<p>&#8230; wenn Sie die Vermittlung externer Hilfsangebote w\u00fcnschen<\/p>\n<p>&#8230; in allen Fragen rund um die Schule<\/p>\n<p>Jugendsozialarbeit<\/p>\n<p>&gt;&gt; ist vertraulich (Schweigepflicht)<\/p>\n<p>&gt;&gt; ist neutral und hilft Sch\u00fclerinnen und Sch\u00fclern, die ihr Anliegen nicht allein formulieren k\u00f6nnen<\/p>\n<p>&gt;&gt; vertraut auf vorhandene St\u00e4rken der Beteiligten<\/p>\n<p>&gt;&gt; reagiert zeitnah und unb\u00fcrokratisch.<\/p>\n<p><strong>Herzlich willkommen!<\/strong><\/p>\n<p>Frau Bronner ist eine Fachkraft der St. Gregor-Jugendhilfe. Mehr Informationen zu Jugendsozialarbeit an Schulen nach den Standards der St. Gregor-Jugendhilfe finden sie unter<span>\u00a0<\/span><a href=\"http:\/\/www.jugendsozialarbeit.st-gregor.de\/\"><span>www.jugendsozialarbeit.st-gregor.de<\/span><\/a>.<\/p>\n<p>[\/et_pb_text][\/et_pb_column][\/et_pb_row][et_pb_row column_structure=&#8220;1_2,1_2&#8243; _builder_version=&#8220;4.16&#8243; _module_preset=&#8220;default&#8220; global_colors_info=&#8220;{}&#8220;][et_pb_column type=&#8220;1_2&#8243; _builder_version=&#8220;4.16&#8243; _module_preset=&#8220;default&#8220; global_colors_info=&#8220;{}&#8220;][et_pb_image src=&#8220;https:\/\/jsm-dillingen.de\/wp-content\/uploads\/2022\/03\/St.Gregor_Logo.jpg&#8220; title_text=&#8220;St.Gregor_Logo&#8220; align=&#8220;center&#8220; _builder_version=&#8220;4.16&#8243; _module_preset=&#8220;default&#8220; global_colors_info=&#8220;{}&#8220;][\/et_pb_image][et_pb_text _builder_version=&#8220;4.16&#8243; _module_preset=&#8220;default&#8220; global_colors_info=&#8220;{}&#8220;]<\/p>\n<p><em><a href=\"http:\/\/www.st-gregor.de\/\">www.st-gregor.de<\/a><\/em><\/p>\n<p>[\/et_pb_text][\/et_pb_column][et_pb_column type=&#8220;1_2&#8243; _builder_version=&#8220;4.16&#8243; _module_preset=&#8220;default&#8220; global_colors_info=&#8220;{}&#8220;][et_pb_image src=&#8220;https:\/\/jsm-dillingen.de\/wp-content\/uploads\/2022\/03\/JaS_Logo.jpeg&#8220; title_text=&#8220;JaS_Logo&#8220; align=&#8220;center&#8220; _builder_version=&#8220;4.16&#8243; _module_preset=&#8220;default&#8220; global_colors_info=&#8220;{}&#8220;][\/et_pb_image][et_pb_text _builder_version=&#8220;4.16&#8243; _module_preset=&#8220;default&#8220; global_colors_info=&#8220;{}&#8220;]<\/p>\n<p>Gef\u00f6rdert durch das Bayerisches Staatsministerium f\u00fcr Arbeit und Sozialordnung, Familie und Frauen. Mehr Informationen<span>\u00a0<\/span><a href=\"http:\/\/www.stmas.bayern.de\/jugend\/sozialarbeit\/jas.htm\"><span>http:\/\/www.stmas.bayern.de\/jugend\/sozialarbeit\/jas.htm<\/span><\/a><span>\u00a0<\/span>Hyperlink:<\/p>\n<p>&nbsp;<\/p>\n<p>[\/et_pb_text][\/et_pb_column][\/et_pb_row][\/et_pb_section]<\/p>\n","protected":false},"excerpt":{"rendered":"<p>Jugendsozialarbeit an der Schule &gt;&gt; Brennt dir was auf der Seele? &gt;&gt; Steht die Welt mal wieder Kopf? &gt;&gt; Ideen f\u00fcr Projekte? &gt;&gt; Sorgen? &gt;&gt; Kennen Sie keinen Ansprechpartner f\u00fcr Ihre Fragen? &gt;&gt; W\u00e4re jetzt ein offenes Ohr Gold wert? &gt;&gt; \u00c4rger? &gt;&gt; Keiner da zum Reden? &gt;&gt; Lust auf eine gemeinsame Aktion? &#8230; da [&hellip;]<\/p>\n","protected":false},"author":1,"featured_media":0,"parent":0,"menu_order":0,"comment_status":"closed","ping_status":"closed","template":"","meta":{"_et_pb_use_builder":"on","_et_pb_old_content":"","_et_gb_content_width":""},"_links":{"self":[{"href":"https:\/\/jsm-dillingen.de\/index.php\/wp-json\/wp\/v2\/pages\/640"}],"collection":[{"href":"https:\/\/jsm-dillingen.de\/index.php\/wp-json\/wp\/v2\/pages"}],"about":[{"href":"https:\/\/jsm-dillingen.de\/index.php\/wp-json\/wp\/v2\/types\/page"}],"author":[{"embeddable":true,"href":"https:\/\/jsm-dillingen.de\/index.php\/wp-json\/wp\/v2\/users\/1"}],"replies":[{"embeddable":true,"href":"https:\/\/jsm-dillingen.de\/index.php\/wp-json\/wp\/v2\/comments?post=640"}],"version-history":[{"count":4,"href":"https:\/\/jsm-dillingen.de\/index.php\/wp-json\/wp\/v2\/pages\/640\/revisions"}],"predecessor-version":[{"id":1179,"href":"https:\/\/jsm-dillingen.de\/index.php\/wp-json\/wp\/v2\/pages\/640\/revisions\/1179"}],"wp:attachment":[{"href":"https:\/\/jsm-dillingen.de\/index.php\/wp-json\/wp\/v2\/media?parent=640"}],"curies":[{"name":"wp","href":"https:\/\/api.w.org\/{rel}","templated":true}]}}