{"id":529,"date":"2022-03-23T10:58:42","date_gmt":"2022-03-23T10:58:42","guid":{"rendered":"https:\/\/mittelschule-dlg.webdesign-schwaben.de\/?page_id=529"},"modified":"2022-03-23T11:38:45","modified_gmt":"2022-03-23T11:38:45","slug":"jugendarbeit","status":"publish","type":"page","link":"https:\/\/jsm-dillingen.de\/index.php\/jugendarbeit\/","title":{"rendered":"Jugendarbeit"},"content":{"rendered":"<p>[et_pb_section fb_built=&#8220;1&#8243; _builder_version=&#8220;4.14.8&#8243; _module_preset=&#8220;default&#8220; background_color=&#8220;#f4f4f4&#8243; custom_padding=&#8220;16px||8px|||&#8220; global_colors_info=&#8220;{}&#8220;][et_pb_row column_structure=&#8220;1_3,1_3,1_3&#8243; _builder_version=&#8220;4.14.8&#8243; _module_preset=&#8220;default&#8220; global_colors_info=&#8220;{}&#8220;][et_pb_column type=&#8220;1_3&#8243; _builder_version=&#8220;4.14.8&#8243; _module_preset=&#8220;default&#8220; global_colors_info=&#8220;{}&#8220;][et_pb_text _builder_version=&#8220;4.14.8&#8243; _module_preset=&#8220;default&#8220; global_colors_info=&#8220;{}&#8220;]<\/p>\n<h1><strong>Jugendarbeit<\/strong><\/h1>\n<p>[\/et_pb_text][\/et_pb_column][et_pb_column type=&#8220;1_3&#8243; _builder_version=&#8220;4.14.8&#8243; _module_preset=&#8220;default&#8220; global_colors_info=&#8220;{}&#8220;][\/et_pb_column][et_pb_column type=&#8220;1_3&#8243; _builder_version=&#8220;4.14.8&#8243; _module_preset=&#8220;default&#8220; global_colors_info=&#8220;{}&#8220;][\/et_pb_column][\/et_pb_row][\/et_pb_section][et_pb_section fb_built=&#8220;1&#8243; _builder_version=&#8220;4.14.8&#8243; _module_preset=&#8220;default&#8220; custom_padding=&#8220;32px|||||&#8220; global_colors_info=&#8220;{}&#8220;][et_pb_row _builder_version=&#8220;4.14.8&#8243; _module_preset=&#8220;default&#8220; global_colors_info=&#8220;{}&#8220;][et_pb_column type=&#8220;4_4&#8243; _builder_version=&#8220;4.14.8&#8243; _module_preset=&#8220;default&#8220; global_colors_info=&#8220;{}&#8220;][et_pb_text _builder_version=&#8220;4.14.8&#8243; _module_preset=&#8220;default&#8220; global_colors_info=&#8220;{}&#8220;]<\/p>\n<h1>Hier finden Sie Beitr\u00e4ge zur Jugendarbeit.<\/h1>\n<p>[\/et_pb_text][\/et_pb_column][\/et_pb_row][et_pb_row _builder_version=&#8220;4.14.8&#8243; _module_preset=&#8220;default&#8220; global_colors_info=&#8220;{}&#8220;][et_pb_column type=&#8220;4_4&#8243; _builder_version=&#8220;4.14.8&#8243; _module_preset=&#8220;default&#8220; global_colors_info=&#8220;{}&#8220;][et_pb_blog fullwidth=&#8220;off&#8220; include_categories=&#8220;56&#8243; show_more=&#8220;on&#8220; show_author=&#8220;off&#8220; show_date=&#8220;off&#8220; show_categories=&#8220;off&#8220; show_pagination=&#8220;off&#8220; _builder_version=&#8220;4.14.8&#8243; _module_preset=&#8220;default&#8220; hover_enabled=&#8220;0&#8243; global_colors_info=&#8220;{}&#8220; sticky_enabled=&#8220;0&#8243;][\/et_pb_blog][\/et_pb_column][\/et_pb_row][\/et_pb_section][et_pb_section fb_built=&#8220;1&#8243; _builder_version=&#8220;4.14.8&#8243; _module_preset=&#8220;default&#8220; background_color=&#8220;#0C71C3&#8243; background_image=&#8220;https:\/\/jsm-dillingen.de\/wp-content\/uploads\/2022\/03\/ausBV2015kopiert-1-1-.jpeg&#8220; parallax=&#8220;on&#8220; global_colors_info=&#8220;{}&#8220;][et_pb_row column_structure=&#8220;1_2,1_2&#8243; padding_top_bottom_link_2=&#8220;true&#8220; padding_left_right_link_2=&#8220;true&#8220; _builder_version=&#8220;4.14.8&#8243; background_color=&#8220;RGBA(255,255,255,0)&#8220; min_height=&#8220;266.9px&#8220; custom_padding=&#8220;|30px||30px|false|true&#8220; global_colors_info=&#8220;{}&#8220;][et_pb_column type=&#8220;1_2&#8243; _builder_version=&#8220;3.25&#8243; custom_padding=&#8220;|||&#8220; global_colors_info=&#8220;{}&#8220; custom_padding__hover=&#8220;|||&#8220;][et_pb_text _builder_version=&#8220;4.14.8&#8243; text_font=&#8220;Amiko||||||||&#8220; text_text_color=&#8220;#FFFFFF&#8220; text_font_size=&#8220;15px&#8220; header_font=&#8220;Amiko||||||||&#8220; header_4_font=&#8220;Amiko||||||||&#8220; header_4_text_color=&#8220;rgba(0,0,0,0.5)&#8220; header_4_font_size=&#8220;14px&#8220; header_4_line_height=&#8220;1.5em&#8220; global_colors_info=&#8220;{}&#8220;]<\/p>\n<p class=\"p1\">Josef-Anton-Schneller Mittelschule in Dillingen a.d.Donau<\/p>\n<h4><\/h4>\n<p>[\/et_pb_text][et_pb_blurb title=&#8220;+49 (0) 9071 58620&#8243; use_icon=&#8220;on&#8220; font_icon=&#8220;&#xe090;||divi||400&#8243; icon_color=&#8220;#FFFFFF&#8220; image_icon_background_color=&#8220;RGBA(255,255,255,0)&#8220; icon_placement=&#8220;left&#8220; image_icon_width=&#8220;20px&#8220; _builder_version=&#8220;4.14.8&#8243; header_font=&#8220;Amiko||||||||&#8220; header_text_color=&#8220;#FFFFFF&#8220; header_font_size=&#8220;15px&#8220; header_line_height=&#8220;1.8em&#8220; body_font=&#8220;Amiko||||||||&#8220; background_layout=&#8220;dark&#8220; custom_margin=&#8220;20px|||&#8220; animation=&#8220;off&#8220; icon_font_size=&#8220;20px&#8220; global_colors_info=&#8220;{}&#8220;][\/et_pb_blurb][et_pb_blurb title=&#8220;kontakt@jsm-dillingen.de&#8220; use_icon=&#8220;on&#8220; font_icon=&#8220;&#xe076;||divi||400&#8243; icon_color=&#8220;#FFFFFF&#8220; icon_placement=&#8220;left&#8220; image_icon_width=&#8220;20px&#8220; _builder_version=&#8220;4.14.8&#8243; header_font=&#8220;||||||||&#8220; header_text_color=&#8220;#FFFFFF&#8220; header_font_size=&#8220;15px&#8220; header_line_height=&#8220;1.8em&#8220; body_font=&#8220;||||||||&#8220; body_text_color=&#8220;#FFFFFF&#8220; body_font_size=&#8220;15px&#8220; background_layout=&#8220;dark&#8220; custom_margin=&#8220;20px|||&#8220; animation=&#8220;off&#8220; icon_font_size=&#8220;20px&#8220; global_colors_info=&#8220;{}&#8220;][\/et_pb_blurb][et_pb_blurb title=&#8220;Ziegelstra\u00dfe 10&#8243; use_icon=&#8220;on&#8220; font_icon=&#8220;&#xe081;||divi||400&#8243; icon_color=&#8220;#FFFFFF&#8220; icon_placement=&#8220;left&#8220; image_icon_width=&#8220;20px&#8220; _builder_version=&#8220;4.14.8&#8243; header_font=&#8220;Amiko||||||||&#8220; header_text_color=&#8220;#FFFFFF&#8220; header_font_size=&#8220;15px&#8220; header_line_height=&#8220;1.8em&#8220; body_font=&#8220;Amiko||||||||&#8220; background_layout=&#8220;dark&#8220; custom_margin=&#8220;20px|||&#8220; animation=&#8220;off&#8220; icon_font_size=&#8220;20px&#8220; global_colors_info=&#8220;{}&#8220;]Dillingen a.d.Donau 89407<\/p>\n<p>Deutschland<br \/>\n[\/et_pb_blurb][\/et_pb_column][et_pb_column type=&#8220;1_2&#8243; _builder_version=&#8220;3.25&#8243; custom_padding=&#8220;|||&#8220; global_colors_info=&#8220;{}&#8220; custom_padding__hover=&#8220;|||&#8220;][et_pb_contact_form _builder_version=&#8220;4.14.8&#8243; _module_preset=&#8220;default&#8220; _unique_id=&#8220;d29460f4-955e-42e9-9ad6-cc3da50b4835&#8243; form_field_background_color=&#8220;#FFFFFF&#8220; form_field_text_color=&#8220;#777777&#8243; form_field_focus_background_color=&#8220;#000000&#8243; form_field_focus_text_color=&#8220;#7CDA24&#8243; title_font=&#8220;Amiko||||||||&#8220; title_text_color=&#8220;#000000&#8243; title_font_size=&#8220;26px&#8220; captcha_font=&#8220;Amiko||||||||&#8220; captcha_text_color=&#8220;#FFFFFF&#8220; captcha_font_size=&#8220;15px&#8220; form_field_font=&#8220;Amiko||||||||&#8220; form_field_font_size=&#8220;15px&#8220; background_color=&#8220;RGBA(255,255,255,0)&#8220; custom_button=&#8220;on&#8220; button_text_size=&#8220;15px&#8220; button_text_color=&#8220;#FFFFFF&#8220; button_letter_spacing=&#8220;0px&#8220; button_icon_color=&#8220;#FFFFFF&#8220; width=&#8220;95%&#8220; custom_margin=&#8220;||||false|false&#8220; custom_padding=&#8220;3px|||||&#8220; global_colors_info=&#8220;{}&#8220;][et_pb_contact_field field_id=&#8220;Name&#8220; field_title=&#8220;Name&#8220; _builder_version=&#8220;4.14.8&#8243; form_field_font_size=&#8220;15px&#8220; background_color=&#8220;RGBA(255,255,255,0)&#8220; background_enable_color=&#8220;on&#8220; global_colors_info=&#8220;{}&#8220; button_text_size__hover_enabled=&#8220;off&#8220; button_one_text_size__hover_enabled=&#8220;off&#8220; button_two_text_size__hover_enabled=&#8220;off&#8220; button_text_color__hover_enabled=&#8220;off&#8220; button_one_text_color__hover_enabled=&#8220;off&#8220; button_two_text_color__hover_enabled=&#8220;off&#8220; button_border_width__hover_enabled=&#8220;off&#8220; button_one_border_width__hover_enabled=&#8220;off&#8220; button_two_border_width__hover_enabled=&#8220;off&#8220; button_border_color__hover_enabled=&#8220;off&#8220; button_one_border_color__hover_enabled=&#8220;off&#8220; button_two_border_color__hover_enabled=&#8220;off&#8220; button_border_radius__hover_enabled=&#8220;off&#8220; button_one_border_radius__hover_enabled=&#8220;off&#8220; button_two_border_radius__hover_enabled=&#8220;off&#8220; button_letter_spacing__hover_enabled=&#8220;off&#8220; button_one_letter_spacing__hover_enabled=&#8220;off&#8220; button_two_letter_spacing__hover_enabled=&#8220;off&#8220; button_bg_color__hover_enabled=&#8220;off&#8220; button_one_bg_color__hover_enabled=&#8220;off&#8220; button_two_bg_color__hover_enabled=&#8220;off&#8220;][\/et_pb_contact_field][et_pb_contact_field field_id=&#8220;Email&#8220; field_title=&#8220;E-Mail-Adresse&#8220; field_type=&#8220;email&#8220; _builder_version=&#8220;4.14.8&#8243; background_color=&#8220;RGBA(255,255,255,0)&#8220; background_enable_color=&#8220;on&#8220; global_colors_info=&#8220;{}&#8220; button_text_size__hover_enabled=&#8220;off&#8220; button_one_text_size__hover_enabled=&#8220;off&#8220; button_two_text_size__hover_enabled=&#8220;off&#8220; button_text_color__hover_enabled=&#8220;off&#8220; button_one_text_color__hover_enabled=&#8220;off&#8220; button_two_text_color__hover_enabled=&#8220;off&#8220; button_border_width__hover_enabled=&#8220;off&#8220; button_one_border_width__hover_enabled=&#8220;off&#8220; button_two_border_width__hover_enabled=&#8220;off&#8220; button_border_color__hover_enabled=&#8220;off&#8220; button_one_border_color__hover_enabled=&#8220;off&#8220; button_two_border_color__hover_enabled=&#8220;off&#8220; button_border_radius__hover_enabled=&#8220;off&#8220; button_one_border_radius__hover_enabled=&#8220;off&#8220; button_two_border_radius__hover_enabled=&#8220;off&#8220; button_letter_spacing__hover_enabled=&#8220;off&#8220; button_one_letter_spacing__hover_enabled=&#8220;off&#8220; button_two_letter_spacing__hover_enabled=&#8220;off&#8220; button_bg_color__hover_enabled=&#8220;off&#8220; button_one_bg_color__hover_enabled=&#8220;off&#8220; button_two_bg_color__hover_enabled=&#8220;off&#8220;][\/et_pb_contact_field][et_pb_contact_field field_id=&#8220;Message&#8220; field_title=&#8220;Nachricht&#8220; field_type=&#8220;text&#8220; fullwidth_field=&#8220;on&#8220; _builder_version=&#8220;4.14.8&#8243; background_color=&#8220;RGBA(255,255,255,0)&#8220; background_enable_color=&#8220;on&#8220; global_colors_info=&#8220;{}&#8220; button_text_size__hover_enabled=&#8220;off&#8220; button_one_text_size__hover_enabled=&#8220;off&#8220; button_two_text_size__hover_enabled=&#8220;off&#8220; button_text_color__hover_enabled=&#8220;off&#8220; button_one_text_color__hover_enabled=&#8220;off&#8220; button_two_text_color__hover_enabled=&#8220;off&#8220; button_border_width__hover_enabled=&#8220;off&#8220; button_one_border_width__hover_enabled=&#8220;off&#8220; button_two_border_width__hover_enabled=&#8220;off&#8220; button_border_color__hover_enabled=&#8220;off&#8220; button_one_border_color__hover_enabled=&#8220;off&#8220; button_two_border_color__hover_enabled=&#8220;off&#8220; button_border_radius__hover_enabled=&#8220;off&#8220; button_one_border_radius__hover_enabled=&#8220;off&#8220; button_two_border_radius__hover_enabled=&#8220;off&#8220; button_letter_spacing__hover_enabled=&#8220;off&#8220; button_one_letter_spacing__hover_enabled=&#8220;off&#8220; button_two_letter_spacing__hover_enabled=&#8220;off&#8220; button_bg_color__hover_enabled=&#8220;off&#8220; button_one_bg_color__hover_enabled=&#8220;off&#8220; button_two_bg_color__hover_enabled=&#8220;off&#8220;][\/et_pb_contact_field][et_pb_contact_field field_id=&#8220;Opt-In&#8220; field_title=&#8220;&#8230;&#8220; field_type=&#8220;checkbox&#8220; checkbox_options=&#8220;%91{%22value%22:%22Ich habe die Datenschutzerkl\u00e4rung zur Kenntnis genommen. Ich stimme zu, dass meine Angaben zur Kontaktaufnahme und f\u00fcr R\u00fcckfragen dauerhaft gespeichert werden. Diese Einwilligung kann jederzeit mit Wirkung f\u00fcr die Zukunft widerrufen werden.%22,%22checked%22:0,%22dragID%22:-1}%93&#8243; fullwidth_field=&#8220;on&#8220; _builder_version=&#8220;4.14.8&#8243; _module_preset=&#8220;default&#8220; form_field_background_color=&#8220;#a3a3a3&#8243; form_field_text_color=&#8220;#FFFFFF&#8220; form_field_focus_background_color=&#8220;#FFFFFF&#8220; form_field_focus_text_color=&#8220;#000000&#8243; background_color=&#8220;RGBA(255,255,255,0)&#8220; background_enable_color=&#8220;on&#8220; custom_margin=&#8220;-2em||||false|false&#8220; custom_padding=&#8220;||||false|false&#8220; global_colors_info=&#8220;{}&#8220;][\/et_pb_contact_field][\/et_pb_contact_form][\/et_pb_column][\/et_pb_row][\/et_pb_section]<\/p>\n","protected":false},"excerpt":{"rendered":"<p>JugendarbeitHier finden Sie Beitr\u00e4ge zur Jugendarbeit.Josef-Anton-Schneller Mittelschule in Dillingen a.d.Donau Dillingen a.d.Donau 89407 Deutschland<\/p>\n","protected":false},"author":1,"featured_media":0,"parent":0,"menu_order":0,"comment_status":"closed","ping_status":"closed","template":"","meta":{"_et_pb_use_builder":"on","_et_pb_old_content":"<p>[et_pb_section fb_built=\"1\" _builder_version=\"4.14.8\" _module_preset=\"default\" background_color=\"#f4f4f4\" custom_padding=\"16px||8px|||\" global_colors_info=\"{}\"][et_pb_row column_structure=\"1_3,1_3,1_3\" _builder_version=\"4.14.8\" _module_preset=\"default\" global_colors_info=\"{}\"][et_pb_column type=\"1_3\" _builder_version=\"4.14.8\" _module_preset=\"default\" global_colors_info=\"{}\"][et_pb_text _builder_version=\"4.14.8\" _module_preset=\"default\" hover_enabled=\"0\" global_colors_info=\"{}\" sticky_enabled=\"0\"]<\/p><h1><strong>Schulpartnerschaften<\/strong><\/h1><p>[\/et_pb_text][\/et_pb_column][et_pb_column type=\"1_3\" _builder_version=\"4.14.8\" _module_preset=\"default\" global_colors_info=\"{}\"][\/et_pb_column][et_pb_column type=\"1_3\" _builder_version=\"4.14.8\" _module_preset=\"default\" global_colors_info=\"{}\"][\/et_pb_column][\/et_pb_row][\/et_pb_section][et_pb_section fb_built=\"1\" _builder_version=\"4.14.8\" _module_preset=\"default\" custom_padding=\"32px|||||\" global_colors_info=\"{}\"][et_pb_row _builder_version=\"4.14.8\" _module_preset=\"default\" global_colors_info=\"{}\"][et_pb_column type=\"4_4\" _builder_version=\"4.14.8\" _module_preset=\"default\" global_colors_info=\"{}\"][et_pb_text _builder_version=\"4.14.8\" _module_preset=\"default\" hover_enabled=\"0\" global_colors_info=\"{}\" sticky_enabled=\"0\"]<\/p><h1>Hier finden Sie Beitr\u00e4ge zu unseren Schulpartnerschaften.<\/h1><p>[\/et_pb_text][et_pb_text _builder_version=\"4.14.8\" _module_preset=\"default\" global_colors_info=\"{}\"]In unserer Schule verbringen wir einen gro\u00dfen Teil des Tages, um zusammen zu lernen und zu arbeiten. Wir wollen uns an unserer Schule wohl f\u00fchlen. Unser gemeinsames Ziel ist eine Atmosph\u00e4re der gegenseitigen Achtung, Ehrlichkeit und R\u00fccksichtnahme. Dies kann nur gelingen, wenn alle am Schulleben beteiligten Personen ihren Beitrag dazu leisten. Wir alle, Lehrer und Sch\u00fcler sind in dieser Zeit eine Gemeinschaft, in der jeder von uns Rechte und Pflichten hat. Zusammen mit den Sch\u00fclern, den Eltern und Lehrern haben wir deshalb diese Verfassung erstellt, an die wir uns halten wollen.<br \/>[\/et_pb_text][\/et_pb_column][\/et_pb_row][et_pb_row _builder_version=\"4.14.8\" _module_preset=\"default\"][et_pb_column _builder_version=\"4.14.8\" _module_preset=\"default\" type=\"4_4\"][et_pb_blog _builder_version=\"4.14.8\" _module_preset=\"default\" include_categories=\"55\" show_more=\"on\" show_author=\"off\" show_date=\"off\" show_categories=\"off\" show_pagination=\"off\" fullwidth=\"off\" hover_enabled=\"0\" sticky_enabled=\"0\"][\/et_pb_blog][\/et_pb_column][\/et_pb_row][\/et_pb_section][et_pb_section fb_built=\"1\" _builder_version=\"4.14.8\" _module_preset=\"default\" background_color=\"#0C71C3\" background_image=\"https:\/\/jsm-dillingen.de\/wp-content\/uploads\/2022\/03\/ausBV2015kopiert-1-1-.jpeg\" parallax=\"on\" global_colors_info=\"{}\"][et_pb_row column_structure=\"1_2,1_2\" padding_top_bottom_link_2=\"true\" padding_left_right_link_2=\"true\" _builder_version=\"4.14.8\" background_color=\"RGBA(255,255,255,0)\" min_height=\"266.9px\" custom_padding=\"|30px||30px|false|true\" global_colors_info=\"{}\"][et_pb_column type=\"1_2\" _builder_version=\"3.25\" custom_padding=\"|||\" global_colors_info=\"{}\" custom_padding__hover=\"|||\"][et_pb_text _builder_version=\"4.14.8\" text_font=\"Amiko||||||||\" text_text_color=\"#FFFFFF\" text_font_size=\"15px\" header_font=\"Amiko||||||||\" header_4_font=\"Amiko||||||||\" header_4_text_color=\"rgba(0,0,0,0.5)\" header_4_font_size=\"14px\" header_4_line_height=\"1.5em\" global_colors_info=\"{}\"]<\/p><p class=\"p1\">Josef-Anton-Schneller Mittelschule in Dillingen a.d.Donau<\/p><h4>\u00a0<\/h4><p>[\/et_pb_text][et_pb_blurb title=\"+49 (0) 9071 58620\" use_icon=\"on\" font_icon=\"\ue090||divi||400\" icon_color=\"#FFFFFF\" image_icon_background_color=\"RGBA(255,255,255,0)\" icon_placement=\"left\" image_icon_width=\"20px\" _builder_version=\"4.14.8\" header_font=\"Amiko||||||||\" header_text_color=\"#FFFFFF\" header_font_size=\"15px\" header_line_height=\"1.8em\" body_font=\"Amiko||||||||\" background_layout=\"dark\" custom_margin=\"20px|||\" animation=\"off\" icon_font_size=\"20px\" global_colors_info=\"{}\"][\/et_pb_blurb][et_pb_blurb title=\"kontakt@jsm-dillingen.de\" use_icon=\"on\" font_icon=\"\ue076||divi||400\" icon_color=\"#FFFFFF\" icon_placement=\"left\" image_icon_width=\"20px\" _builder_version=\"4.14.8\" header_font=\"||||||||\" header_text_color=\"#FFFFFF\" header_font_size=\"15px\" header_line_height=\"1.8em\" body_font=\"||||||||\" body_text_color=\"#FFFFFF\" body_font_size=\"15px\" background_layout=\"dark\" custom_margin=\"20px|||\" animation=\"off\" icon_font_size=\"20px\" global_colors_info=\"{}\"][\/et_pb_blurb][et_pb_blurb title=\"Ziegelstra\u00dfe 10\" use_icon=\"on\" font_icon=\"\ue081||divi||400\" icon_color=\"#FFFFFF\" icon_placement=\"left\" image_icon_width=\"20px\" _builder_version=\"4.14.8\" header_font=\"Amiko||||||||\" header_text_color=\"#FFFFFF\" header_font_size=\"15px\" header_line_height=\"1.8em\" body_font=\"Amiko||||||||\" background_layout=\"dark\" custom_margin=\"20px|||\" animation=\"off\" icon_font_size=\"20px\" global_colors_info=\"{}\"]Dillingen a.d.Donau 89407<\/p><p>Deutschland<br \/>[\/et_pb_blurb][\/et_pb_column][et_pb_column type=\"1_2\" _builder_version=\"3.25\" custom_padding=\"|||\" global_colors_info=\"{}\" custom_padding__hover=\"|||\"][et_pb_contact_form _builder_version=\"4.14.8\" _module_preset=\"default\" _unique_id=\"d29460f4-955e-42e9-9ad6-cc3da50b4835\" form_field_background_color=\"#FFFFFF\" form_field_text_color=\"#777777\" form_field_focus_background_color=\"#000000\" form_field_focus_text_color=\"#7CDA24\" title_font=\"Amiko||||||||\" title_text_color=\"#000000\" title_font_size=\"26px\" captcha_font=\"Amiko||||||||\" captcha_text_color=\"#FFFFFF\" captcha_font_size=\"15px\" form_field_font=\"Amiko||||||||\" form_field_font_size=\"15px\" background_color=\"RGBA(255,255,255,0)\" custom_button=\"on\" button_text_size=\"15px\" button_text_color=\"#FFFFFF\" button_letter_spacing=\"0px\" button_icon_color=\"#FFFFFF\" width=\"95%\" custom_margin=\"||||false|false\" custom_padding=\"3px|||||\" global_colors_info=\"{}\"][et_pb_contact_field field_id=\"Name\" field_title=\"Name\" _builder_version=\"4.14.8\" form_field_font_size=\"15px\" background_color=\"RGBA(255,255,255,0)\" background_enable_color=\"on\" global_colors_info=\"{}\" button_text_size__hover_enabled=\"off\" button_one_text_size__hover_enabled=\"off\" button_two_text_size__hover_enabled=\"off\" button_text_color__hover_enabled=\"off\" button_one_text_color__hover_enabled=\"off\" button_two_text_color__hover_enabled=\"off\" button_border_width__hover_enabled=\"off\" button_one_border_width__hover_enabled=\"off\" button_two_border_width__hover_enabled=\"off\" button_border_color__hover_enabled=\"off\" button_one_border_color__hover_enabled=\"off\" button_two_border_color__hover_enabled=\"off\" button_border_radius__hover_enabled=\"off\" button_one_border_radius__hover_enabled=\"off\" button_two_border_radius__hover_enabled=\"off\" button_letter_spacing__hover_enabled=\"off\" button_one_letter_spacing__hover_enabled=\"off\" button_two_letter_spacing__hover_enabled=\"off\" button_bg_color__hover_enabled=\"off\" button_one_bg_color__hover_enabled=\"off\" button_two_bg_color__hover_enabled=\"off\"][\/et_pb_contact_field][et_pb_contact_field field_id=\"Email\" field_title=\"E-Mail-Adresse\" field_type=\"email\" _builder_version=\"4.14.8\" background_color=\"RGBA(255,255,255,0)\" background_enable_color=\"on\" global_colors_info=\"{}\" button_text_size__hover_enabled=\"off\" button_one_text_size__hover_enabled=\"off\" button_two_text_size__hover_enabled=\"off\" button_text_color__hover_enabled=\"off\" button_one_text_color__hover_enabled=\"off\" button_two_text_color__hover_enabled=\"off\" button_border_width__hover_enabled=\"off\" button_one_border_width__hover_enabled=\"off\" button_two_border_width__hover_enabled=\"off\" button_border_color__hover_enabled=\"off\" button_one_border_color__hover_enabled=\"off\" button_two_border_color__hover_enabled=\"off\" button_border_radius__hover_enabled=\"off\" button_one_border_radius__hover_enabled=\"off\" button_two_border_radius__hover_enabled=\"off\" button_letter_spacing__hover_enabled=\"off\" button_one_letter_spacing__hover_enabled=\"off\" button_two_letter_spacing__hover_enabled=\"off\" button_bg_color__hover_enabled=\"off\" button_one_bg_color__hover_enabled=\"off\" button_two_bg_color__hover_enabled=\"off\"][\/et_pb_contact_field][et_pb_contact_field field_id=\"Message\" field_title=\"Nachricht\" field_type=\"text\" fullwidth_field=\"on\" _builder_version=\"4.14.8\" background_color=\"RGBA(255,255,255,0)\" background_enable_color=\"on\" global_colors_info=\"{}\" button_text_size__hover_enabled=\"off\" button_one_text_size__hover_enabled=\"off\" button_two_text_size__hover_enabled=\"off\" button_text_color__hover_enabled=\"off\" button_one_text_color__hover_enabled=\"off\" button_two_text_color__hover_enabled=\"off\" button_border_width__hover_enabled=\"off\" button_one_border_width__hover_enabled=\"off\" button_two_border_width__hover_enabled=\"off\" button_border_color__hover_enabled=\"off\" button_one_border_color__hover_enabled=\"off\" button_two_border_color__hover_enabled=\"off\" button_border_radius__hover_enabled=\"off\" button_one_border_radius__hover_enabled=\"off\" button_two_border_radius__hover_enabled=\"off\" button_letter_spacing__hover_enabled=\"off\" button_one_letter_spacing__hover_enabled=\"off\" button_two_letter_spacing__hover_enabled=\"off\" button_bg_color__hover_enabled=\"off\" button_one_bg_color__hover_enabled=\"off\" button_two_bg_color__hover_enabled=\"off\"][\/et_pb_contact_field][et_pb_contact_field field_id=\"Opt-In\" field_title=\"...\" field_type=\"checkbox\" checkbox_options=\"%91{%22value%22:%22Ich habe die Datenschutzerkl\u00e4rung zur Kenntnis genommen. Ich stimme zu, dass meine Angaben zur Kontaktaufnahme und f\u00fcr R\u00fcckfragen dauerhaft gespeichert werden. Diese Einwilligung kann jederzeit mit Wirkung f\u00fcr die Zukunft widerrufen werden.%22,%22checked%22:0,%22dragID%22:-1}%93\" fullwidth_field=\"on\" _builder_version=\"4.14.8\" _module_preset=\"default\" form_field_background_color=\"#a3a3a3\" form_field_text_color=\"#FFFFFF\" form_field_focus_background_color=\"#FFFFFF\" form_field_focus_text_color=\"#000000\" background_color=\"RGBA(255,255,255,0)\" background_enable_color=\"on\" custom_margin=\"-2em||||false|false\" custom_padding=\"||||false|false\" global_colors_info=\"{}\"][\/et_pb_contact_field][\/et_pb_contact_form][\/et_pb_column][\/et_pb_row][\/et_pb_section]<\/p>","_et_gb_content_width":""},"_links":{"self":[{"href":"https:\/\/jsm-dillingen.de\/index.php\/wp-json\/wp\/v2\/pages\/529"}],"collection":[{"href":"https:\/\/jsm-dillingen.de\/index.php\/wp-json\/wp\/v2\/pages"}],"about":[{"href":"https:\/\/jsm-dillingen.de\/index.php\/wp-json\/wp\/v2\/types\/page"}],"author":[{"embeddable":true,"href":"https:\/\/jsm-dillingen.de\/index.php\/wp-json\/wp\/v2\/users\/1"}],"replies":[{"embeddable":true,"href":"https:\/\/jsm-dillingen.de\/index.php\/wp-json\/wp\/v2\/comments?post=529"}],"version-history":[{"count":5,"href":"https:\/\/jsm-dillingen.de\/index.php\/wp-json\/wp\/v2\/pages\/529\/revisions"}],"predecessor-version":[{"id":554,"href":"https:\/\/jsm-dillingen.de\/index.php\/wp-json\/wp\/v2\/pages\/529\/revisions\/554"}],"wp:attachment":[{"href":"https:\/\/jsm-dillingen.de\/index.php\/wp-json\/wp\/v2\/media?parent=529"}],"curies":[{"name":"wp","href":"https:\/\/api.w.org\/{rel}","templated":true}]}}