{"id":462,"date":"2022-03-22T09:51:52","date_gmt":"2022-03-22T09:51:52","guid":{"rendered":"https:\/\/mittelschule-dlg.webdesign-schwaben.de\/?page_id=462"},"modified":"2025-02-20T19:48:32","modified_gmt":"2025-02-20T19:48:32","slug":"formulare","status":"publish","type":"page","link":"https:\/\/jsm-dillingen.de\/index.php\/formulare\/","title":{"rendered":"Formulare"},"content":{"rendered":"<p>[et_pb_section fb_built=&#8220;1&#8243; _builder_version=&#8220;4.17.3&#8243; _module_preset=&#8220;default&#8220; min_height=&#8220;467.7px&#8220; global_colors_info=&#8220;{}&#8220;][et_pb_row _builder_version=&#8220;4.17.3&#8243; _module_preset=&#8220;default&#8220; global_colors_info=&#8220;{}&#8220;][et_pb_column type=&#8220;4_4&#8243; _builder_version=&#8220;4.17.3&#8243; _module_preset=&#8220;default&#8220; global_colors_info=&#8220;{}&#8220;][et_pb_text _builder_version=&#8220;4.17.3&#8243; _module_preset=&#8220;default&#8220; global_colors_info=&#8220;{}&#8220;]<\/p>\n<h1>Formulare<\/h1>\n<p>[\/et_pb_text][et_pb_text _builder_version=&#8220;4.17.3&#8243; _module_preset=&#8220;default&#8220; global_colors_info=&#8220;{}&#8220;]<\/p>\n<p>Hier finden Sie verschiedene Formulare f\u00fcr An- und Ummeldungen.<\/p>\n<p>[\/et_pb_text][et_pb_text _builder_version=&#8220;4.17.3&#8243; _module_preset=&#8220;default&#8220; global_colors_info=&#8220;{}&#8220;]<\/p>\n<p><a href=\"https:\/\/jsm-dillingen.de\/wp-content\/uploads\/2025\/02\/Anmeldung-gGTK-in-5.-Klasse.pdf\" target=\"_blank\" rel=\"noopener\">Anmeldung GTK<\/a><\/p>\n<p><a href=\"https:\/\/jsm-dillingen.de\/wp-content\/uploads\/2025\/01\/Anmeldung-QA-extern.pdf\">Anmeldung QA extern<\/a><\/p>\n<p>&nbsp;<\/p>\n<p>[\/et_pb_text][\/et_pb_column][\/et_pb_row][\/et_pb_section]<\/p>\n","protected":false},"excerpt":{"rendered":"<p>FormulareHier finden Sie verschiedene Formulare f\u00fcr An- und Ummeldungen.Anmeldung GTK Anmeldung QA extern &nbsp;<\/p>\n","protected":false},"author":1,"featured_media":0,"parent":0,"menu_order":0,"comment_status":"closed","ping_status":"closed","template":"","meta":{"_et_pb_use_builder":"on","_et_pb_old_content":"<p>[et_pb_section fb_built=\"1\" fullwidth=\"on\" _builder_version=\"4.14.8\" _module_preset=\"default\" background_image=\"https:\/\/jsm-dillingen.de\/wp-content\/uploads\/2022\/03\/ausBV2015kopiert-1-1-.jpeg\" parallax=\"on\" global_colors_info=\"{}\"][et_pb_fullwidth_header header_scroll_down=\"on\" button_one_text=\"mehr lesen...\" logo_image_url=\"https:\/\/jsm-dillingen.de\/wp-content\/uploads\/2022\/03\/k-logo-jsm-Mittelschule.jpg\" content_max_width=\"66%\" _builder_version=\"4.14.8\" _module_preset=\"default\" background_color=\"RGBA(255,255,255,0)\" custom_padding=\"||161px|||\" global_colors_info=\"{}\"]<\/p><h1><strong>Willkommen auf unseren neuen Webseiten.<\/strong><\/h1><p>Your content goes here. Edit or remove this text inline or in the module Content settings. You can also style every aspect of this content in the module Design settings and even apply custom CSS to this text in the module Advanced settings.<br \/>[\/et_pb_fullwidth_header][\/et_pb_section][et_pb_section fb_built=\"1\" _builder_version=\"4.14.8\" _module_preset=\"default\" background_color=\"#f4f4f4\" custom_padding=\"16px||8px|||\" global_colors_info=\"{}\"][et_pb_row _builder_version=\"4.14.8\" _module_preset=\"default\" global_colors_info=\"{}\"][et_pb_column type=\"4_4\" _builder_version=\"4.14.8\" _module_preset=\"default\" global_colors_info=\"{}\"][et_pb_text _builder_version=\"4.14.8\" _module_preset=\"default\" global_colors_info=\"{}\"]<\/p><h1><strong>Aktuelles (Top 3)<\/strong><\/h1><p>[\/et_pb_text][et_pb_blog fullwidth=\"off\" posts_number=\"15\" include_categories=\"52\" excerpt_length=\"80\" show_more=\"on\" show_author=\"off\" show_categories=\"off\" _builder_version=\"4.14.8\" _module_preset=\"default\" global_colors_info=\"{}\"][\/et_pb_blog][\/et_pb_column][\/et_pb_row][\/et_pb_section][et_pb_section fb_built=\"1\" _builder_version=\"4.14.8\" _module_preset=\"default\" custom_padding=\"32px|||||\" global_colors_info=\"{}\"][et_pb_row _builder_version=\"4.14.8\" _module_preset=\"default\" global_colors_info=\"{}\"][et_pb_column type=\"4_4\" _builder_version=\"4.14.8\" _module_preset=\"default\" global_colors_info=\"{}\"][et_pb_text _builder_version=\"4.14.8\" _module_preset=\"default\" global_colors_info=\"{}\"]<\/p><h1><strong>Lorem Ipsum..<\/strong><\/h1><p>[\/et_pb_text][\/et_pb_column][\/et_pb_row][et_pb_row column_structure=\"1_2,1_2\" _builder_version=\"4.14.8\" _module_preset=\"default\" global_colors_info=\"{}\"][et_pb_column type=\"1_2\" _builder_version=\"4.14.8\" _module_preset=\"default\" global_colors_info=\"{}\"][et_pb_text _builder_version=\"4.14.8\" _module_preset=\"default\" global_colors_info=\"{}\"]<\/p><h1><strong>Wer wir sind<\/strong><\/h1><p>[\/et_pb_text][et_pb_text _builder_version=\"4.14.8\" _module_preset=\"default\" global_colors_info=\"{}\"]Your content goes here. Edit or remove this text inline or in the module Content settings. You can also style every aspect of this content in the module Design settings and even apply custom CSS to this text in the module Advanced settings.<br \/>[\/et_pb_text][\/et_pb_column][et_pb_column type=\"1_2\" _builder_version=\"4.14.8\" _module_preset=\"default\" global_colors_info=\"{}\"][et_pb_text _builder_version=\"4.14.8\" _module_preset=\"default\" global_colors_info=\"{}\"]<\/p><h1><strong>Zielsetzungen<\/strong><\/h1><p>[\/et_pb_text][et_pb_text _builder_version=\"4.14.8\" _module_preset=\"default\" global_colors_info=\"{}\"]Your content goes here. Edit or remove this text inline or in the module Content settings. You can also style every aspect of this content in the module Design settings and even apply custom CSS to this text in the module Advanced settings.<br \/>[\/et_pb_text][\/et_pb_column][\/et_pb_row][et_pb_row _builder_version=\"4.14.8\" _module_preset=\"default\" global_colors_info=\"{}\"][et_pb_column type=\"4_4\" _builder_version=\"4.14.8\" _module_preset=\"default\" global_colors_info=\"{}\"][et_pb_text _builder_version=\"4.14.8\" _module_preset=\"default\" global_colors_info=\"{}\"]<\/p><h1><strong>Was wir wollen<\/strong><\/h1><p>[\/et_pb_text][et_pb_text _builder_version=\"4.14.8\" _module_preset=\"default\" global_colors_info=\"{}\"]Your content goes here. Edit or remove this text inline or in the module Content settings. You can also style every aspect of this content in the module Design settings and even apply custom CSS to this text in the module Advanced settings.<br \/>[\/et_pb_text][\/et_pb_column][\/et_pb_row][et_pb_row column_structure=\"1_2,1_2\" _builder_version=\"4.14.8\" _module_preset=\"default\" global_colors_info=\"{}\"][et_pb_column type=\"1_2\" _builder_version=\"4.14.8\" _module_preset=\"default\" global_colors_info=\"{}\"][et_pb_text _builder_version=\"4.14.8\" _module_preset=\"default\" global_colors_info=\"{}\"]<\/p><h1><strong>Was wir leisten<\/strong><\/h1><p>[\/et_pb_text][et_pb_text _builder_version=\"4.14.8\" _module_preset=\"default\" global_colors_info=\"{}\"]Your content goes here. Edit or remove this text inline or in the module Content settings. You can also style every aspect of this content in the module Design settings and even apply custom CSS to this text in the module Advanced settings.<br \/>[\/et_pb_text][\/et_pb_column][et_pb_column type=\"1_2\" _builder_version=\"4.14.8\" _module_preset=\"default\" global_colors_info=\"{}\"][et_pb_image src=\"https:\/\/jsm-dillingen.de\/wp-content\/uploads\/2020\/10\/cropped-man-791049_1920-1.jpg\" title_text=\"cropped-man-791049_1920-1.jpg\" _builder_version=\"4.14.8\" _module_preset=\"default\" global_colors_info=\"{}\"][\/et_pb_image][\/et_pb_column][\/et_pb_row][\/et_pb_section][et_pb_section fb_built=\"1\" _builder_version=\"4.14.8\" _module_preset=\"default\" background_color=\"#0C71C3\" background_image=\"https:\/\/jsm-dillingen.de\/wp-content\/uploads\/2022\/03\/ausBV2015kopiert-1-1-.jpeg\" parallax=\"on\" global_colors_info=\"{}\"][et_pb_row column_structure=\"1_2,1_2\" padding_top_bottom_link_2=\"true\" padding_left_right_link_2=\"true\" _builder_version=\"4.14.8\" background_color=\"RGBA(255,255,255,0)\" min_height=\"266.9px\" custom_padding=\"|30px||30px|false|true\" global_colors_info=\"{}\"][et_pb_column type=\"1_2\" _builder_version=\"3.25\" custom_padding=\"|||\" global_colors_info=\"{}\" custom_padding__hover=\"|||\"][et_pb_text _builder_version=\"4.14.8\" text_font=\"Amiko||||||||\" text_text_color=\"#FFFFFF\" text_font_size=\"15px\" header_font=\"Amiko||||||||\" header_4_font=\"Amiko||||||||\" header_4_text_color=\"rgba(0,0,0,0.5)\" header_4_font_size=\"14px\" header_4_line_height=\"1.5em\" global_colors_info=\"{}\"]<\/p><p class=\"p1\">Josef-Anton-Schneller Mittelschule in Dillingen a.d.Donau<\/p><h4>\u00a0<\/h4><p>[\/et_pb_text][et_pb_blurb title=\"+49 (0) 9071 58620\" use_icon=\"on\" font_icon=\"\ue090||divi||400\" icon_color=\"#FFFFFF\" image_icon_background_color=\"RGBA(255,255,255,0)\" icon_placement=\"left\" image_icon_width=\"20px\" _builder_version=\"4.14.8\" header_font=\"Amiko||||||||\" header_text_color=\"#FFFFFF\" header_font_size=\"15px\" header_line_height=\"1.8em\" body_font=\"Amiko||||||||\" background_layout=\"dark\" custom_margin=\"20px|||\" animation=\"off\" icon_font_size=\"20px\" global_colors_info=\"{}\"][\/et_pb_blurb][et_pb_blurb title=\"kontakt@jsm-dillingen.de\" use_icon=\"on\" font_icon=\"\ue076||divi||400\" icon_color=\"#FFFFFF\" icon_placement=\"left\" image_icon_width=\"20px\" _builder_version=\"4.14.8\" header_font=\"||||||||\" header_text_color=\"#FFFFFF\" header_font_size=\"15px\" header_line_height=\"1.8em\" body_font=\"||||||||\" body_text_color=\"#FFFFFF\" body_font_size=\"15px\" background_layout=\"dark\" custom_margin=\"20px|||\" animation=\"off\" icon_font_size=\"20px\" global_colors_info=\"{}\"][\/et_pb_blurb][et_pb_blurb title=\"Ziegelstra\u00dfe 10\" use_icon=\"on\" font_icon=\"\ue081||divi||400\" icon_color=\"#FFFFFF\" icon_placement=\"left\" image_icon_width=\"20px\" _builder_version=\"4.14.8\" header_font=\"Amiko||||||||\" header_text_color=\"#FFFFFF\" header_font_size=\"15px\" header_line_height=\"1.8em\" body_font=\"Amiko||||||||\" background_layout=\"dark\" custom_margin=\"20px|||\" animation=\"off\" icon_font_size=\"20px\" global_colors_info=\"{}\"]Dillingen a.d.Donau 89407<\/p><p>Deutschland<br \/>[\/et_pb_blurb][\/et_pb_column][et_pb_column type=\"1_2\" _builder_version=\"3.25\" custom_padding=\"|||\" global_colors_info=\"{}\" custom_padding__hover=\"|||\"][et_pb_contact_form _builder_version=\"4.14.8\" _module_preset=\"default\" _unique_id=\"d29460f4-955e-42e9-9ad6-cc3da50b4835\" form_field_background_color=\"#FFFFFF\" form_field_text_color=\"#777777\" form_field_focus_background_color=\"#000000\" form_field_focus_text_color=\"#7CDA24\" title_font=\"Amiko||||||||\" title_text_color=\"#000000\" title_font_size=\"26px\" captcha_font=\"Amiko||||||||\" captcha_text_color=\"#FFFFFF\" captcha_font_size=\"15px\" form_field_font=\"Amiko||||||||\" form_field_font_size=\"15px\" background_color=\"RGBA(255,255,255,0)\" custom_button=\"on\" button_text_size=\"15px\" button_text_color=\"#FFFFFF\" button_letter_spacing=\"0px\" button_icon_color=\"#FFFFFF\" width=\"95%\" custom_margin=\"||||false|false\" custom_padding=\"3px|||||\" global_colors_info=\"{}\"][et_pb_contact_field field_id=\"Name\" field_title=\"Name\" _builder_version=\"4.14.8\" form_field_font_size=\"15px\" background_color=\"RGBA(255,255,255,0)\" background_enable_color=\"on\" global_colors_info=\"{}\" button_text_size__hover_enabled=\"off\" button_one_text_size__hover_enabled=\"off\" button_two_text_size__hover_enabled=\"off\" button_text_color__hover_enabled=\"off\" button_one_text_color__hover_enabled=\"off\" button_two_text_color__hover_enabled=\"off\" button_border_width__hover_enabled=\"off\" button_one_border_width__hover_enabled=\"off\" button_two_border_width__hover_enabled=\"off\" button_border_color__hover_enabled=\"off\" button_one_border_color__hover_enabled=\"off\" button_two_border_color__hover_enabled=\"off\" button_border_radius__hover_enabled=\"off\" button_one_border_radius__hover_enabled=\"off\" button_two_border_radius__hover_enabled=\"off\" button_letter_spacing__hover_enabled=\"off\" button_one_letter_spacing__hover_enabled=\"off\" button_two_letter_spacing__hover_enabled=\"off\" button_bg_color__hover_enabled=\"off\" button_one_bg_color__hover_enabled=\"off\" button_two_bg_color__hover_enabled=\"off\"][\/et_pb_contact_field][et_pb_contact_field field_id=\"Email\" field_title=\"E-Mail-Adresse\" field_type=\"email\" _builder_version=\"4.14.8\" background_color=\"RGBA(255,255,255,0)\" background_enable_color=\"on\" global_colors_info=\"{}\" button_text_size__hover_enabled=\"off\" button_one_text_size__hover_enabled=\"off\" button_two_text_size__hover_enabled=\"off\" button_text_color__hover_enabled=\"off\" button_one_text_color__hover_enabled=\"off\" button_two_text_color__hover_enabled=\"off\" button_border_width__hover_enabled=\"off\" button_one_border_width__hover_enabled=\"off\" button_two_border_width__hover_enabled=\"off\" button_border_color__hover_enabled=\"off\" button_one_border_color__hover_enabled=\"off\" button_two_border_color__hover_enabled=\"off\" button_border_radius__hover_enabled=\"off\" button_one_border_radius__hover_enabled=\"off\" button_two_border_radius__hover_enabled=\"off\" button_letter_spacing__hover_enabled=\"off\" button_one_letter_spacing__hover_enabled=\"off\" button_two_letter_spacing__hover_enabled=\"off\" button_bg_color__hover_enabled=\"off\" button_one_bg_color__hover_enabled=\"off\" button_two_bg_color__hover_enabled=\"off\"][\/et_pb_contact_field][et_pb_contact_field field_id=\"Message\" field_title=\"Nachricht\" field_type=\"text\" fullwidth_field=\"on\" _builder_version=\"4.14.8\" background_color=\"RGBA(255,255,255,0)\" background_enable_color=\"on\" global_colors_info=\"{}\" button_text_size__hover_enabled=\"off\" button_one_text_size__hover_enabled=\"off\" button_two_text_size__hover_enabled=\"off\" button_text_color__hover_enabled=\"off\" button_one_text_color__hover_enabled=\"off\" button_two_text_color__hover_enabled=\"off\" button_border_width__hover_enabled=\"off\" button_one_border_width__hover_enabled=\"off\" button_two_border_width__hover_enabled=\"off\" button_border_color__hover_enabled=\"off\" button_one_border_color__hover_enabled=\"off\" button_two_border_color__hover_enabled=\"off\" button_border_radius__hover_enabled=\"off\" button_one_border_radius__hover_enabled=\"off\" button_two_border_radius__hover_enabled=\"off\" button_letter_spacing__hover_enabled=\"off\" button_one_letter_spacing__hover_enabled=\"off\" button_two_letter_spacing__hover_enabled=\"off\" button_bg_color__hover_enabled=\"off\" button_one_bg_color__hover_enabled=\"off\" button_two_bg_color__hover_enabled=\"off\"][\/et_pb_contact_field][et_pb_contact_field field_id=\"Opt-In\" field_title=\"...\" field_type=\"checkbox\" checkbox_options=\"%91{%22value%22:%22Ich habe die Datenschutzerkl\u00e4rung zur Kenntnis genommen. Ich stimme zu, dass meine Angaben zur Kontaktaufnahme und f\u00fcr R\u00fcckfragen dauerhaft gespeichert werden. Diese Einwilligung kann jederzeit mit Wirkung f\u00fcr die Zukunft widerrufen werden.%22,%22checked%22:0,%22dragID%22:-1}%93\" fullwidth_field=\"on\" _builder_version=\"4.14.8\" _module_preset=\"default\" form_field_background_color=\"#a3a3a3\" form_field_text_color=\"#FFFFFF\" form_field_focus_background_color=\"#FFFFFF\" form_field_focus_text_color=\"#000000\" background_color=\"RGBA(255,255,255,0)\" background_enable_color=\"on\" custom_margin=\"-2em||||false|false\" custom_padding=\"||||false|false\" global_colors_info=\"{}\"][\/et_pb_contact_field][\/et_pb_contact_form][\/et_pb_column][\/et_pb_row][\/et_pb_section]<\/p>","_et_gb_content_width":""},"_links":{"self":[{"href":"https:\/\/jsm-dillingen.de\/index.php\/wp-json\/wp\/v2\/pages\/462"}],"collection":[{"href":"https:\/\/jsm-dillingen.de\/index.php\/wp-json\/wp\/v2\/pages"}],"about":[{"href":"https:\/\/jsm-dillingen.de\/index.php\/wp-json\/wp\/v2\/types\/page"}],"author":[{"embeddable":true,"href":"https:\/\/jsm-dillingen.de\/index.php\/wp-json\/wp\/v2\/users\/1"}],"replies":[{"embeddable":true,"href":"https:\/\/jsm-dillingen.de\/index.php\/wp-json\/wp\/v2\/comments?post=462"}],"version-history":[{"count":12,"href":"https:\/\/jsm-dillingen.de\/index.php\/wp-json\/wp\/v2\/pages\/462\/revisions"}],"predecessor-version":[{"id":1907,"href":"https:\/\/jsm-dillingen.de\/index.php\/wp-json\/wp\/v2\/pages\/462\/revisions\/1907"}],"wp:attachment":[{"href":"https:\/\/jsm-dillingen.de\/index.php\/wp-json\/wp\/v2\/media?parent=462"}],"curies":[{"name":"wp","href":"https:\/\/api.w.org\/{rel}","templated":true}]}}