{"id":2,"date":"2020-03-09T14:40:10","date_gmt":"2020-03-09T14:40:10","guid":{"rendered":"https:\/\/divi-grundinstallation.webdesign-schwaben.de\/?page_id=2"},"modified":"2022-09-05T11:29:39","modified_gmt":"2022-09-05T11:29:39","slug":"sample-page-2","status":"publish","type":"page","link":"https:\/\/jsm-dillingen.de\/","title":{"rendered":"Start"},"content":{"rendered":"<p>[et_pb_section fb_built=&#8220;1&#8243; fullwidth=&#8220;on&#8220; _builder_version=&#8220;4.16&#8243; _module_preset=&#8220;default&#8220; background_image=&#8220;https:\/\/jsm-dillingen.de\/wp-content\/uploads\/2022\/03\/cropped-DJI_0100.jpg&#8220; parallax=&#8220;on&#8220; global_colors_info=&#8220;{}&#8220;][et_pb_fullwidth_header header_scroll_down=&#8220;on&#8220; button_one_text=&#8220;mehr lesen&#8230;&#8220; background_overlay_color=&#8220;rgba(255,255,255,0.39)&#8220; logo_image_url=&#8220;https:\/\/jsm-dillingen.de\/wp-content\/uploads\/2022\/03\/k-logo-jsm-Mittelschule.jpg&#8220; content_max_width=&#8220;66%&#8220; _builder_version=&#8220;4.17.3&#8243; _module_preset=&#8220;default&#8220; title_text_color=&#8220;#000000&#8243; content_text_color=&#8220;#000000&#8243; subhead_text_color=&#8220;#FFFFFF&#8220; background_color=&#8220;RGBA(255,255,255,0)&#8220; use_background_color_gradient=&#8220;on&#8220; background_color_gradient_stops=&#8220;rgba(214,206,62,0.15) 0%|rgba(196,196,196,0) 100%&#8220; background_color_gradient_start=&#8220;rgba(214,206,62,0.15)&#8220; background_color_gradient_end=&#8220;rgba(196,196,196,0)&#8220; custom_button_one=&#8220;on&#8220; button_one_text_size=&#8220;20px&#8220; button_one_text_color=&#8220;#3a8d83&#8243; button_one_bg_color=&#8220;rgba(255,255,255,0.71)&#8220; background_layout=&#8220;light&#8220; custom_padding=&#8220;||200px|||&#8220; box_shadow_style_image=&#8220;preset2&#8243; global_colors_info=&#8220;{}&#8220;]<\/p>\n<h1><strong><br \/>Willkommen auf unserer neuen Webseite<\/strong><\/h1>\n<p><span style=\"color: #000000;\">Hier findest du allerlei <a href=\"http:\/\/www.jsm-dillingen.de\/index.php\/schulinfo\" target=\"_self\" style=\"color: #000000;\" rel=\"noopener\">Informationen zu deiner Schule<\/a>, <a href=\"http:\/\/www.jsm-dillingen.de\/index.php\/component\/content\/?id=12&amp;Itemid=167\" target=\"_self\" style=\"color: #000000;\" rel=\"noopener\">Bilder und Berichte \u00fcber unser Schulleben<\/a>,\u00a0<\/span><span style=\"color: #000000;\">aber auch Links, die dir bei der Berufsfindung und Lehrstellensuche helfen.<\/span><\/p>\n<p><span style=\"color: #000000;\"><\/span><\/p>\n<p><span style=\"color: #000000;\">Deine Eltern und du haben die M\u00f6glichkeit\u00a0<\/span><span style=\"color: #000000;\">sich \u00fcber <a href=\"http:\/\/www.jsm-dillingen.de\/index.php\/sprechzeiten\" target=\"_self\" style=\"color: #000000;\" rel=\"noopener\">Sprechzeiten<\/a> und Angebote zu informieren.<\/span><\/p>\n<p><span style=\"color: #000000;\">Au\u00dferdem findest du <a href=\"http:\/\/www.jsm-dillingen.de\/index.php\/mittelschule\" target=\"_self\" style=\"color: #000000;\" rel=\"noopener\">Wissenswertes zu \u00dcbertritten und Abschl\u00fcssen<\/a>.<\/span><\/p>\n<p>[\/et_pb_fullwidth_header][\/et_pb_section][et_pb_section fb_built=&#8220;1&#8243; _builder_version=&#8220;4.16&#8243; _module_preset=&#8220;default&#8220; background_color=&#8220;#f4f4f4&#8243; custom_padding=&#8220;16px||8px|||&#8220; global_colors_info=&#8220;{}&#8220;][et_pb_row _builder_version=&#8220;4.16&#8243; _module_preset=&#8220;default&#8220; global_colors_info=&#8220;{}&#8220;][et_pb_column type=&#8220;4_4&#8243; _builder_version=&#8220;4.16&#8243; _module_preset=&#8220;default&#8220; global_colors_info=&#8220;{}&#8220;][et_pb_text _builder_version=&#8220;4.17.3&#8243; _module_preset=&#8220;default&#8220; global_colors_info=&#8220;{}&#8220;]<\/p>\n<h1><strong>Aktuelles (Top 6)<\/strong><\/h1>\n<p>[\/et_pb_text][et_pb_blog fullwidth=&#8220;off&#8220; posts_number=&#8220;6&#8243; include_categories=&#8220;52&#8243; excerpt_length=&#8220;80&#8243; show_more=&#8220;on&#8220; show_author=&#8220;off&#8220; show_categories=&#8220;off&#8220; _builder_version=&#8220;4.17.3&#8243; _module_preset=&#8220;default&#8220; global_colors_info=&#8220;{}&#8220;][\/et_pb_blog][\/et_pb_column][\/et_pb_row][\/et_pb_section][et_pb_section fb_built=&#8220;1&#8243; _builder_version=&#8220;4.16&#8243; _module_preset=&#8220;default&#8220; custom_padding=&#8220;32px|||||&#8220; global_colors_info=&#8220;{}&#8220;][et_pb_row _builder_version=&#8220;4.16&#8243; _module_preset=&#8220;default&#8220; global_colors_info=&#8220;{}&#8220;][et_pb_column type=&#8220;4_4&#8243; _builder_version=&#8220;4.16&#8243; _module_preset=&#8220;default&#8220; global_colors_info=&#8220;{}&#8220;][et_pb_text _builder_version=&#8220;4.17.3&#8243; _module_preset=&#8220;default&#8220; global_colors_info=&#8220;{}&#8220;]<\/p>\n<h1><strong>Unser Leitbild<\/strong><\/h1>\n<p>[\/et_pb_text][\/et_pb_column][\/et_pb_row][et_pb_row column_structure=&#8220;1_2,1_2&#8243; _builder_version=&#8220;4.16&#8243; _module_preset=&#8220;default&#8220; global_colors_info=&#8220;{}&#8220;][et_pb_column type=&#8220;1_2&#8243; _builder_version=&#8220;4.16&#8243; _module_preset=&#8220;default&#8220; global_colors_info=&#8220;{}&#8220;][et_pb_text _builder_version=&#8220;4.17.3&#8243; _module_preset=&#8220;default&#8220; global_colors_info=&#8220;{}&#8220;]<\/p>\n<h2><strong>Wir wollen uns an unserer Schule wohl f\u00fchlen<\/strong><\/h2>\n<p>[\/et_pb_text][et_pb_text _builder_version=&#8220;4.16&#8243; _module_preset=&#8220;default&#8220; global_colors_info=&#8220;{}&#8220;]<\/p>\n<p><span>In unserer Schule verbringen wir einen gro\u00dfen Teil des Tages, um zusammen zu lernen und zu arbeiten. Eines unser gemeinsamen Ziele ist eine Atmosph\u00e4re der gegenseitigen Achtung, Ehrlichkeit und R\u00fccksichtnahme. Dies kann nur gelingen, wenn alle am Schulleben beteiligten Personen ihren Beitrag dazu leisten. Wir alle, Lehrer und Sch\u00fcler sind in dieser Zeit eine Gemeinschaft, in der jeder von uns Rechte und Pflichten hat. Zusammen mit den Sch\u00fclern, den Eltern und Lehrern haben wir deshalb eine Verfassung erstellt, die die Grundlage f\u00fcr ein respektvolles und freundliches Miteinander bietet.<\/span><\/p>\n<p>[\/et_pb_text][\/et_pb_column][et_pb_column type=&#8220;1_2&#8243; _builder_version=&#8220;4.16&#8243; _module_preset=&#8220;default&#8220; global_colors_info=&#8220;{}&#8220;][et_pb_text _builder_version=&#8220;4.17.3&#8243; _module_preset=&#8220;default&#8220; global_colors_info=&#8220;{}&#8220;]<\/p>\n<h2><strong>Wir sind eine Schule, die auf die Lebens-und Arbeitswelt vorbereitet<\/strong><\/h2>\n<p>[\/et_pb_text][et_pb_text _builder_version=&#8220;4.16&#8243; _module_preset=&#8220;default&#8220; global_colors_info=&#8220;{}&#8220;]<\/p>\n<p>Den Sch\u00fclern wird ein Grundbestand an Wissen und K\u00f6nnen vermittelt, der die M\u00f6glichkeit zur individuellen Entfaltung bietet und auf eine verantwortungsbewusste Gestaltung des Lebens vorbereitet.<\/p>\n<p>Uns ist eine Werteerziehung wichtig, die die Wahrnehmung von Rechten und Pflichten in der Gesellschaft erm\u00f6glicht und zu umweltbewussten Handeln anregt.<\/p>\n<p>Die Sch\u00fcler erhalten wirtschaftliche, soziale, technische und rechtliche Grundkenntnisse, die die Basis f\u00fcr Ausbildung und Beruf bilden.<\/p>\n<p>Gezielte Berufsberatung durch Lehrer und au\u00dferschulische Partner, aber auch Erkundungen und Praktika unterst\u00fctzen die Sch\u00fcler bei ihrer Berufswahl.<\/p>\n<p>[\/et_pb_text][\/et_pb_column][\/et_pb_row][et_pb_row column_structure=&#8220;1_2,1_2&#8243; _builder_version=&#8220;4.16&#8243; _module_preset=&#8220;default&#8220; custom_margin=&#8220;2px|auto||auto||&#8220; global_colors_info=&#8220;{}&#8220;][et_pb_column type=&#8220;1_2&#8243; _builder_version=&#8220;4.16&#8243; _module_preset=&#8220;default&#8220; global_colors_info=&#8220;{}&#8220;][et_pb_text _builder_version=&#8220;4.17.3&#8243; _module_preset=&#8220;default&#8220; global_colors_info=&#8220;{}&#8220;]<\/p>\n<h2><strong>Wir legen Wert auf Zusammenarbeit<\/strong><\/h2>\n<p>[\/et_pb_text][et_pb_text _builder_version=&#8220;4.16&#8243; _module_preset=&#8220;default&#8220; global_colors_info=&#8220;{}&#8220;]<\/p>\n<p>Die Kooperation mit Gemeinde, Kirche, Vereinen und Betrieben erm\u00f6glicht der Schule die optimale Nutzung vorhandener Ressourcen.<\/p>\n<p>Erziehungsarbeit gelingt umso besser, je mehr elterliche und schulische Erziehung aufeinander abgestimmt sind. Grundlage f\u00fcr eine erfolgreiche Zusammenarbeit ist gegenseitige Wertsch\u00e4tzung und ein offener Umgang miteinander.<\/p>\n<p>In regelm\u00e4\u00dfigen Fachbeirats- und Schulforumssitzungen werden neue Ideen diskutiert und sowohl Lehrer, Sch\u00fcler, Eltern als auch die Jugendsozialarbeit in Entscheidungsprozesse mit einbezogen.<\/p>\n<p>[\/et_pb_text][\/et_pb_column][et_pb_column type=&#8220;1_2&#8243; _builder_version=&#8220;4.16&#8243; _module_preset=&#8220;default&#8220; global_colors_info=&#8220;{}&#8220;][et_pb_text _builder_version=&#8220;4.17.3&#8243; _module_preset=&#8220;default&#8220; global_colors_info=&#8220;{}&#8220;]<\/p>\n<h2><strong>Wir stellen unsere Bildungs- und Erziehungsarbeit der \u00d6ffentlichkeit vor<\/strong><\/h2>\n<p>[\/et_pb_text][et_pb_text _builder_version=&#8220;4.17.3&#8243; _module_preset=&#8220;default&#8220; global_colors_info=&#8220;{}&#8220;]<\/p>\n<p>Bei unseren Schulfesten und Feierlichkeiten sind Eltern, ehemalige Sch\u00fcler und Lehrer, aber auch Personen aus dem \u00f6ffentlichen Leben sowie die Dillinger Bev\u00f6lkerung gern gesehene G\u00e4ste.<\/p>\n<p>Auf unserer Internetseite findet man Informationen zur Schule, Bilder und Berichte \u00fcber das Schulleben, die allen Interessensgruppen zug\u00e4nglich sind.<\/p>\n<p>Die lokale Presse wird fortlaufend \u00fcber Aktivit\u00e4ten, Projekte, Aktionen und allgemeine Informationen \u00fcber das Schul- und Bildungswesen informiert.<\/p>\n<p>[\/et_pb_text][\/et_pb_column][\/et_pb_row][et_pb_row _builder_version=&#8220;4.16&#8243; _module_preset=&#8220;default&#8220; global_colors_info=&#8220;{}&#8220;][et_pb_column type=&#8220;4_4&#8243; _builder_version=&#8220;4.16&#8243; _module_preset=&#8220;default&#8220; global_colors_info=&#8220;{}&#8220;][et_pb_text _builder_version=&#8220;4.17.3&#8243; _module_preset=&#8220;default&#8220; global_colors_info=&#8220;{}&#8220;]<\/p>\n<h2><strong>Wir entwickeln uns weiter<\/strong><\/h2>\n<p>[\/et_pb_text][et_pb_text _builder_version=&#8220;4.16&#8243; _module_preset=&#8220;default&#8220; global_colors_info=&#8220;{}&#8220;]<\/p>\n<p>Die Entwicklung und Erprobung neuer Lern- und Lehrformen f\u00f6rdern die Kompetenz und Motivation der Lehrkr\u00e4fte und Sch\u00fcler und bewirkt Qualit\u00e4tssicherung von Unterricht.<\/p>\n<p>Die Einf\u00fchrung und der Ausbau von gebundenen Ganztagesklassen stellt ein erweitertes F\u00f6rder- und Betreuungsangebot dar.<\/p>\n<p>Durch die erweiterte Mittagsbetreuung mit Hausaufgabenhilfe und vielseitigen Arbeitsgemeinschaften werden ganzt\u00e4gige Angebote f\u00fcr alle Sch\u00fcler weiterentwickelt und ausgebaut.<\/p>\n<p>[\/et_pb_text][\/et_pb_column][\/et_pb_row][\/et_pb_section][et_pb_section fb_built=&#8220;1&#8243; _builder_version=&#8220;4.16&#8243; _module_preset=&#8220;default&#8220; background_color=&#8220;#0C71C3&#8243; background_image=&#8220;https:\/\/jsm-dillingen.de\/wp-content\/uploads\/2022\/03\/ausBV2015kopiert-1-1-.jpeg&#8220; parallax=&#8220;on&#8220; global_colors_info=&#8220;{}&#8220;][et_pb_row column_structure=&#8220;1_2,1_2&#8243; padding_top_bottom_link_2=&#8220;true&#8220; padding_left_right_link_2=&#8220;true&#8220; _builder_version=&#8220;4.16&#8243; background_color=&#8220;RGBA(255,255,255,0)&#8220; min_height=&#8220;266.9px&#8220; custom_padding=&#8220;|30px||30px|false|true&#8220; global_colors_info=&#8220;{}&#8220;][et_pb_column type=&#8220;1_2&#8243; _builder_version=&#8220;4.16&#8243; custom_padding=&#8220;|||&#8220; global_colors_info=&#8220;{}&#8220; custom_padding__hover=&#8220;|||&#8220;][et_pb_text _builder_version=&#8220;4.16&#8243; text_font=&#8220;Amiko||||||||&#8220; text_text_color=&#8220;#FFFFFF&#8220; text_font_size=&#8220;15px&#8220; header_font=&#8220;Amiko||||||||&#8220; header_4_font=&#8220;Amiko||||||||&#8220; header_4_text_color=&#8220;rgba(0,0,0,0.5)&#8220; header_4_font_size=&#8220;14px&#8220; header_4_line_height=&#8220;1.5em&#8220; global_colors_info=&#8220;{}&#8220;]<\/p>\n<p class=\"p1\"><span>Josef-Anton-Schneller Mittelschule in Dillingen a.d.Donau<\/span><\/p>\n<h4><\/h4>\n<p>[\/et_pb_text][et_pb_blurb title=&#8220;+49 (0) 9071 58620&#8243; use_icon=&#8220;on&#8220; font_icon=&#8220;&#xe090;||divi||400&#8243; icon_color=&#8220;#FFFFFF&#8220; image_icon_background_color=&#8220;RGBA(255,255,255,0)&#8220; icon_placement=&#8220;left&#8220; image_icon_width=&#8220;20px&#8220; _builder_version=&#8220;4.16&#8243; header_font=&#8220;Amiko||||||||&#8220; header_text_color=&#8220;#FFFFFF&#8220; header_font_size=&#8220;15px&#8220; header_line_height=&#8220;1.8em&#8220; body_font=&#8220;Amiko||||||||&#8220; background_layout=&#8220;dark&#8220; custom_margin=&#8220;20px|||&#8220; animation=&#8220;off&#8220; icon_font_size=&#8220;20px&#8220; global_colors_info=&#8220;{}&#8220;][\/et_pb_blurb][et_pb_blurb title=&#8220;sekretariat@jsm-dillingen.de&#8220; use_icon=&#8220;on&#8220; font_icon=&#8220;&#xe076;||divi||400&#8243; icon_color=&#8220;#FFFFFF&#8220; icon_placement=&#8220;left&#8220; image_icon_width=&#8220;20px&#8220; _builder_version=&#8220;4.17.3&#8243; header_font=&#8220;||||||||&#8220; header_text_color=&#8220;#FFFFFF&#8220; header_font_size=&#8220;15px&#8220; header_line_height=&#8220;1.8em&#8220; body_font=&#8220;||||||||&#8220; body_text_color=&#8220;#FFFFFF&#8220; body_font_size=&#8220;15px&#8220; background_layout=&#8220;dark&#8220; custom_margin=&#8220;20px|||&#8220; animation=&#8220;off&#8220; icon_font_size=&#8220;20px&#8220; global_colors_info=&#8220;{}&#8220;][\/et_pb_blurb][et_pb_blurb title=&#8220;Ziegelstra\u00dfe 10&#8243; use_icon=&#8220;on&#8220; font_icon=&#8220;&#xe081;||divi||400&#8243; icon_color=&#8220;#FFFFFF&#8220; icon_placement=&#8220;left&#8220; image_icon_width=&#8220;20px&#8220; _builder_version=&#8220;4.16&#8243; header_font=&#8220;Amiko||||||||&#8220; header_text_color=&#8220;#FFFFFF&#8220; header_font_size=&#8220;15px&#8220; header_line_height=&#8220;1.8em&#8220; body_font=&#8220;Amiko||||||||&#8220; background_layout=&#8220;dark&#8220; custom_margin=&#8220;20px|||&#8220; animation=&#8220;off&#8220; icon_font_size=&#8220;20px&#8220; global_colors_info=&#8220;{}&#8220;]<\/p>\n<p>Dillingen a.d.Donau 89407<\/p>\n<p>Deutschland<\/p>\n<p>[\/et_pb_blurb][\/et_pb_column][et_pb_column type=&#8220;1_2&#8243; _builder_version=&#8220;4.16&#8243; custom_padding=&#8220;|||&#8220; global_colors_info=&#8220;{}&#8220; custom_padding__hover=&#8220;|||&#8220;][et_pb_contact_form email=&#8220;sekretariat@jsm-dillingen.de&#8220; _builder_version=&#8220;4.17.3&#8243; _module_preset=&#8220;default&#8220; _unique_id=&#8220;d29460f4-955e-42e9-9ad6-cc3da50b4835&#8243; form_field_background_color=&#8220;#FFFFFF&#8220; form_field_text_color=&#8220;#777777&#8243; form_field_focus_background_color=&#8220;#000000&#8243; form_field_focus_text_color=&#8220;#7CDA24&#8243; title_font=&#8220;Amiko||||||||&#8220; title_text_color=&#8220;#000000&#8243; title_font_size=&#8220;26px&#8220; captcha_font=&#8220;Amiko||||||||&#8220; captcha_text_color=&#8220;#FFFFFF&#8220; captcha_font_size=&#8220;15px&#8220; form_field_font=&#8220;Amiko||||||||&#8220; form_field_font_size=&#8220;15px&#8220; background_color=&#8220;RGBA(255,255,255,0)&#8220; custom_button=&#8220;on&#8220; button_text_size=&#8220;15px&#8220; button_text_color=&#8220;#FFFFFF&#8220; button_letter_spacing=&#8220;0px&#8220; button_icon_color=&#8220;#FFFFFF&#8220; width=&#8220;95%&#8220; custom_margin=&#8220;||||false|false&#8220; custom_padding=&#8220;3px|||||&#8220; global_colors_info=&#8220;{}&#8220;][et_pb_contact_field field_id=&#8220;Name&#8220; field_title=&#8220;Name&#8220; _builder_version=&#8220;4.16&#8243; form_field_font_size=&#8220;15px&#8220; background_color=&#8220;RGBA(255,255,255,0)&#8220; background_enable_color=&#8220;on&#8220; global_colors_info=&#8220;{}&#8220; button_text_size__hover_enabled=&#8220;off&#8220; button_one_text_size__hover_enabled=&#8220;off&#8220; button_two_text_size__hover_enabled=&#8220;off&#8220; button_text_color__hover_enabled=&#8220;off&#8220; button_one_text_color__hover_enabled=&#8220;off&#8220; button_two_text_color__hover_enabled=&#8220;off&#8220; button_border_width__hover_enabled=&#8220;off&#8220; button_one_border_width__hover_enabled=&#8220;off&#8220; button_two_border_width__hover_enabled=&#8220;off&#8220; button_border_color__hover_enabled=&#8220;off&#8220; button_one_border_color__hover_enabled=&#8220;off&#8220; button_two_border_color__hover_enabled=&#8220;off&#8220; button_border_radius__hover_enabled=&#8220;off&#8220; button_one_border_radius__hover_enabled=&#8220;off&#8220; button_two_border_radius__hover_enabled=&#8220;off&#8220; button_letter_spacing__hover_enabled=&#8220;off&#8220; button_one_letter_spacing__hover_enabled=&#8220;off&#8220; button_two_letter_spacing__hover_enabled=&#8220;off&#8220; button_bg_color__hover_enabled=&#8220;off&#8220; button_one_bg_color__hover_enabled=&#8220;off&#8220; button_two_bg_color__hover_enabled=&#8220;off&#8220;][\/et_pb_contact_field][et_pb_contact_field field_id=&#8220;Email&#8220; field_title=&#8220;E-Mail-Adresse&#8220; field_type=&#8220;email&#8220; _builder_version=&#8220;4.17.3&#8243; background_color=&#8220;RGBA(255,255,255,0)&#8220; background_enable_color=&#8220;on&#8220; global_colors_info=&#8220;{}&#8220; button_text_size__hover_enabled=&#8220;off&#8220; button_one_text_size__hover_enabled=&#8220;off&#8220; button_two_text_size__hover_enabled=&#8220;off&#8220; button_text_color__hover_enabled=&#8220;off&#8220; button_one_text_color__hover_enabled=&#8220;off&#8220; button_two_text_color__hover_enabled=&#8220;off&#8220; button_border_width__hover_enabled=&#8220;off&#8220; button_one_border_width__hover_enabled=&#8220;off&#8220; button_two_border_width__hover_enabled=&#8220;off&#8220; button_border_color__hover_enabled=&#8220;off&#8220; button_one_border_color__hover_enabled=&#8220;off&#8220; button_two_border_color__hover_enabled=&#8220;off&#8220; button_border_radius__hover_enabled=&#8220;off&#8220; button_one_border_radius__hover_enabled=&#8220;off&#8220; button_two_border_radius__hover_enabled=&#8220;off&#8220; button_letter_spacing__hover_enabled=&#8220;off&#8220; button_one_letter_spacing__hover_enabled=&#8220;off&#8220; button_two_letter_spacing__hover_enabled=&#8220;off&#8220; button_bg_color__hover_enabled=&#8220;off&#8220; button_one_bg_color__hover_enabled=&#8220;off&#8220; button_two_bg_color__hover_enabled=&#8220;off&#8220;][\/et_pb_contact_field][et_pb_contact_field field_id=&#8220;Message&#8220; field_title=&#8220;Nachricht&#8220; field_type=&#8220;text&#8220; fullwidth_field=&#8220;on&#8220; _builder_version=&#8220;4.16&#8243; background_color=&#8220;RGBA(255,255,255,0)&#8220; background_enable_color=&#8220;on&#8220; global_colors_info=&#8220;{}&#8220; button_text_size__hover_enabled=&#8220;off&#8220; button_one_text_size__hover_enabled=&#8220;off&#8220; button_two_text_size__hover_enabled=&#8220;off&#8220; button_text_color__hover_enabled=&#8220;off&#8220; button_one_text_color__hover_enabled=&#8220;off&#8220; button_two_text_color__hover_enabled=&#8220;off&#8220; button_border_width__hover_enabled=&#8220;off&#8220; button_one_border_width__hover_enabled=&#8220;off&#8220; button_two_border_width__hover_enabled=&#8220;off&#8220; button_border_color__hover_enabled=&#8220;off&#8220; button_one_border_color__hover_enabled=&#8220;off&#8220; button_two_border_color__hover_enabled=&#8220;off&#8220; button_border_radius__hover_enabled=&#8220;off&#8220; button_one_border_radius__hover_enabled=&#8220;off&#8220; button_two_border_radius__hover_enabled=&#8220;off&#8220; button_letter_spacing__hover_enabled=&#8220;off&#8220; button_one_letter_spacing__hover_enabled=&#8220;off&#8220; button_two_letter_spacing__hover_enabled=&#8220;off&#8220; button_bg_color__hover_enabled=&#8220;off&#8220; button_one_bg_color__hover_enabled=&#8220;off&#8220; button_two_bg_color__hover_enabled=&#8220;off&#8220;][\/et_pb_contact_field][et_pb_contact_field field_id=&#8220;Opt-In&#8220; field_title=&#8220;&#8230;&#8220; field_type=&#8220;checkbox&#8220; checkbox_options=&#8220;%91{%22value%22:%22Ich habe die Datenschutzerkl\u00e4rung zur Kenntnis genommen. Ich stimme zu, dass meine Angaben zur Kontaktaufnahme und f\u00fcr R\u00fcckfragen dauerhaft gespeichert werden. Diese Einwilligung kann jederzeit mit Wirkung f\u00fcr die Zukunft widerrufen werden.%22,%22checked%22:0,%22dragID%22:-1}%93&#8243; fullwidth_field=&#8220;on&#8220; _builder_version=&#8220;4.16&#8243; _module_preset=&#8220;default&#8220; form_field_background_color=&#8220;#a3a3a3&#8243; form_field_text_color=&#8220;#FFFFFF&#8220; form_field_focus_background_color=&#8220;#FFFFFF&#8220; form_field_focus_text_color=&#8220;#000000&#8243; background_color=&#8220;RGBA(255,255,255,0)&#8220; background_enable_color=&#8220;on&#8220; custom_margin=&#8220;-2em||||false|false&#8220; custom_padding=&#8220;||||false|false&#8220; global_colors_info=&#8220;{}&#8220;][\/et_pb_contact_field][\/et_pb_contact_form][\/et_pb_column][\/et_pb_row][\/et_pb_section]<\/p>\n","protected":false},"excerpt":{"rendered":"<p>Willkommen auf unserer neuen Webseite Hier findest du allerlei Informationen zu deiner Schule, Bilder und Berichte \u00fcber unser Schulleben,\u00a0aber auch Links, die dir bei der Berufsfindung und Lehrstellensuche helfen. Deine Eltern und du haben die M\u00f6glichkeit\u00a0sich \u00fcber Sprechzeiten und Angebote zu informieren. Au\u00dferdem findest du Wissenswertes zu \u00dcbertritten und Abschl\u00fcssen.Aktuelles (Top 6)Unser LeitbildWir wollen uns [&hellip;]<\/p>\n","protected":false},"author":1,"featured_media":0,"parent":0,"menu_order":0,"comment_status":"closed","ping_status":"closed","template":"","meta":{"_et_pb_use_builder":"on","_et_pb_old_content":"<!-- wp:paragraph -->\r\n<p>This is an example page. It's different from a blog post because it will stay in one place and will show up in your site navigation (in most themes). Most people start with an About page that introduces them to potential site visitors. It might say something like this:<\/p>\r\n<!-- \/wp:paragraph --><!-- wp:quote -->\r\n<blockquote class=\"wp-block-quote\">\r\n<p>Hi there! I'm a bike messenger by day, aspiring actor by night, and this is my website. I live in Los Angeles, have a great dog named Jack, and I like pi\u00f1a coladas. (And gettin' caught in the rain.)<\/p>\r\n<\/blockquote>\r\n<!-- \/wp:quote --><!-- wp:paragraph -->\r\n<p>...or something like this:<\/p>\r\n<!-- \/wp:paragraph --><!-- wp:quote -->\r\n<blockquote class=\"wp-block-quote\">\r\n<p>The XYZ Doohickey Company was founded in 1971, and has been providing quality doohickeys to the public ever since. Located in Gotham City, XYZ employs over 2,000 people and does all kinds of awesome things for the Gotham community.<\/p>\r\n<\/blockquote>\r\n<!-- \/wp:quote --><!-- wp:paragraph -->\r\n<p>As a new WordPress user, you should go to <a href=\"https:\/\/jsm-dillingen.de\/wp-admin\/\">your dashboard<\/a> to delete this page and create new pages for your content. Have fun!<\/p>\r\n<!-- \/wp:paragraph -->","_et_gb_content_width":""},"_links":{"self":[{"href":"https:\/\/jsm-dillingen.de\/index.php\/wp-json\/wp\/v2\/pages\/2"}],"collection":[{"href":"https:\/\/jsm-dillingen.de\/index.php\/wp-json\/wp\/v2\/pages"}],"about":[{"href":"https:\/\/jsm-dillingen.de\/index.php\/wp-json\/wp\/v2\/types\/page"}],"author":[{"embeddable":true,"href":"https:\/\/jsm-dillingen.de\/index.php\/wp-json\/wp\/v2\/users\/1"}],"replies":[{"embeddable":true,"href":"https:\/\/jsm-dillingen.de\/index.php\/wp-json\/wp\/v2\/comments?post=2"}],"version-history":[{"count":81,"href":"https:\/\/jsm-dillingen.de\/index.php\/wp-json\/wp\/v2\/pages\/2\/revisions"}],"predecessor-version":[{"id":1172,"href":"https:\/\/jsm-dillingen.de\/index.php\/wp-json\/wp\/v2\/pages\/2\/revisions\/1172"}],"wp:attachment":[{"href":"https:\/\/jsm-dillingen.de\/index.php\/wp-json\/wp\/v2\/media?parent=2"}],"curies":[{"name":"wp","href":"https:\/\/api.w.org\/{rel}","templated":true}]}}